{"id":3570,"date":"2024-09-14T14:53:32","date_gmt":"2024-09-14T14:53:32","guid":{"rendered":"https:\/\/kaneladesign.ee\/cart\/"},"modified":"2025-11-11T00:57:36","modified_gmt":"2025-11-11T00:57:36","slug":"cart","status":"publish","type":"page","link":"https:\/\/kaneladesign.ee\/et\/cart\/","title":{"rendered":"Ostukorv"},"content":{"rendered":"<div data-elementor-type=\"wp-page\" data-elementor-id=\"3570\" class=\"elementor elementor-3570\" data-elementor-post-type=\"page\">\n\t\t\t\t<div class=\"elementor-element elementor-element-bf9b01f e-flex e-con-boxed e-con e-parent\" data-id=\"bf9b01f\" data-element_type=\"container\" data-e-type=\"container\">\n\t\t\t\t\t<div class=\"e-con-inner\">\n\t\t<div class=\"elementor-element elementor-element-2b82c4d e-con-full e-flex e-con e-child\" data-id=\"2b82c4d\" data-element_type=\"container\" data-e-type=\"container\" data-settings=\"{&quot;background_background&quot;:&quot;classic&quot;}\">\n\t\t\t\t<div class=\"elementor-element elementor-element-a454bc4 elementor-widget elementor-widget-heading\" data-id=\"a454bc4\" data-element_type=\"widget\" data-e-type=\"widget\" data-widget_type=\"heading.default\">\n\t\t\t\t<div class=\"elementor-widget-container\">\n\t\t\t\t\t<h2 class=\"elementor-heading-title elementor-size-default\">Your order summary<\/h2>\t\t\t\t<\/div>\n\t\t\t\t<\/div>\n\t\t\t\t<\/div>\n\t\t\t\t\t<\/div>\n\t\t\t\t<\/div>\n\t\t\t\t<\/div>","protected":false},"excerpt":{"rendered":"<p>Your order summary Eemalda Thumbnail image Toode Hind Kogus Vahesumma &times; Helkurm\u00e4rk \u201cUnistav tiiger\u201d 12,00&nbsp;&euro; Helkurm\u00e4rk \u201cUnistav tiiger\u201d kogus 12,00&nbsp;&euro; Apply coupon Cart totals Vahesumma 12,00&nbsp;&euro; Saadetis Omniva pakiautomaat: 2,50&nbsp;&euro; DPD pakiautomaat: 2,50&nbsp;&euro; Tarne sihtkohta Valga, Valga Rimi (Udrop), Riia 18, 68203 Valga. Muuda aadressi Country \/ region Vali riik \/ piirkond&hellip;Afganistan\u00c5land IslandsAlbaaniaAl\u017eeeriaAmeerika SamoaAmeerika \u00dchendriigid [&hellip;]<\/p>\n","protected":false},"author":1,"featured_media":0,"parent":0,"menu_order":0,"comment_status":"closed","ping_status":"closed","template":"elementor_header_footer","meta":{"_uag_custom_page_level_css":"","footnotes":""},"class_list":["post-3570","page","type-page","status-publish","hentry"],"yoast_head":"<!-- This site is optimized with the Yoast SEO plugin v27.6 - https:\/\/yoast.com\/product\/yoast-seo-wordpress\/ -->\n<title>Cart - Kanela<\/title>\n<meta name=\"robots\" content=\"index, follow, max-snippet:-1, max-image-preview:large, max-video-preview:-1\" \/>\n<link rel=\"canonical\" href=\"https:\/\/kaneladesign.ee\/et\/cart\/\" \/>\n<meta property=\"og:locale\" content=\"et_EE\" \/>\n<meta property=\"og:type\" content=\"article\" \/>\n<meta property=\"og:title\" content=\"Cart - Kanela\" \/>\n<meta property=\"og:description\" content=\"Your order summary Eemalda Thumbnail image Toode Hind Kogus Vahesumma &times; Helkurm\u00e4rk \u201cUnistav tiiger\u201d 12,00&nbsp;&euro; Helkurm\u00e4rk \u201cUnistav tiiger\u201d kogus 12,00&nbsp;&euro; Apply coupon Cart totals Vahesumma 12,00&nbsp;&euro; Saadetis Omniva pakiautomaat: 2,50&nbsp;&euro; DPD pakiautomaat: 2,50&nbsp;&euro; Tarne sihtkohta Valga, Valga Rimi (Udrop), Riia 18, 68203 Valga. Muuda aadressi Country \/ region Vali riik \/ piirkond&hellip;Afganistan\u00c5land IslandsAlbaaniaAl\u017eeeriaAmeerika SamoaAmeerika \u00dchendriigid [&hellip;]\" \/>\n<meta property=\"og:url\" content=\"https:\/\/kaneladesign.ee\/et\/cart\/\" \/>\n<meta property=\"og:site_name\" content=\"Kanela\" \/>\n<meta property=\"article:publisher\" content=\"https:\/\/www.facebook.com\/kanelaehted\" \/>\n<meta property=\"article:modified_time\" content=\"2025-11-11T00:57:36+00:00\" \/>\n<meta property=\"og:image\" content=\"https:\/\/kaneladesign.ee\/wp-content\/uploads\/2025\/10\/a109-unistav-tiiger-300x300.jpeg\" \/>\n<meta name=\"twitter:card\" content=\"summary_large_image\" \/>\n<meta name=\"twitter:label1\" content=\"Est. reading time\" \/>\n\t<meta name=\"twitter:data1\" content=\"1 minut\" \/>\n<script type=\"application\/ld+json\" class=\"yoast-schema-graph\">{\"@context\":\"https:\\\/\\\/schema.org\",\"@graph\":[{\"@type\":\"WebPage\",\"@id\":\"https:\\\/\\\/kaneladesign.ee\\\/cart\\\/\",\"url\":\"https:\\\/\\\/kaneladesign.ee\\\/cart\\\/\",\"name\":\"Cart - Kanela\",\"isPartOf\":{\"@id\":\"https:\\\/\\\/kaneladesign.ee\\\/#website\"},\"primaryImageOfPage\":{\"@id\":\"https:\\\/\\\/kaneladesign.ee\\\/cart\\\/#primaryimage\"},\"image\":{\"@id\":\"https:\\\/\\\/kaneladesign.ee\\\/cart\\\/#primaryimage\"},\"thumbnailUrl\":\"https:\\\/\\\/kaneladesign.ee\\\/wp-content\\\/uploads\\\/2025\\\/10\\\/a109-unistav-tiiger-300x300.jpeg\",\"datePublished\":\"2024-09-14T14:53:32+00:00\",\"dateModified\":\"2025-11-11T00:57:36+00:00\",\"breadcrumb\":{\"@id\":\"https:\\\/\\\/kaneladesign.ee\\\/cart\\\/#breadcrumb\"},\"inLanguage\":\"et\",\"potentialAction\":[{\"@type\":\"ReadAction\",\"target\":[\"https:\\\/\\\/kaneladesign.ee\\\/cart\\\/\"]}]},{\"@type\":\"ImageObject\",\"inLanguage\":\"et\",\"@id\":\"https:\\\/\\\/kaneladesign.ee\\\/cart\\\/#primaryimage\",\"url\":\"https:\\\/\\\/kaneladesign.ee\\\/wp-content\\\/uploads\\\/2025\\\/10\\\/a109-unistav-tiiger-300x300.jpeg\",\"contentUrl\":\"https:\\\/\\\/kaneladesign.ee\\\/wp-content\\\/uploads\\\/2025\\\/10\\\/a109-unistav-tiiger-300x300.jpeg\"},{\"@type\":\"BreadcrumbList\",\"@id\":\"https:\\\/\\\/kaneladesign.ee\\\/cart\\\/#breadcrumb\",\"itemListElement\":[{\"@type\":\"ListItem\",\"position\":1,\"name\":\"Home\",\"item\":\"https:\\\/\\\/kaneladesign.ee\\\/et\\\/\"},{\"@type\":\"ListItem\",\"position\":2,\"name\":\"Cart\"}]},{\"@type\":\"WebSite\",\"@id\":\"https:\\\/\\\/kaneladesign.ee\\\/#website\",\"url\":\"https:\\\/\\\/kaneladesign.ee\\\/\",\"name\":\"Kanela\",\"description\":\"\",\"publisher\":{\"@id\":\"https:\\\/\\\/kaneladesign.ee\\\/#organization\"},\"potentialAction\":[{\"@type\":\"SearchAction\",\"target\":{\"@type\":\"EntryPoint\",\"urlTemplate\":\"https:\\\/\\\/kaneladesign.ee\\\/?s={search_term_string}\"},\"query-input\":{\"@type\":\"PropertyValueSpecification\",\"valueRequired\":true,\"valueName\":\"search_term_string\"}}],\"inLanguage\":\"et\"},{\"@type\":\"Organization\",\"@id\":\"https:\\\/\\\/kaneladesign.ee\\\/#organization\",\"name\":\"Kanela\",\"url\":\"https:\\\/\\\/kaneladesign.ee\\\/\",\"logo\":{\"@type\":\"ImageObject\",\"inLanguage\":\"et\",\"@id\":\"https:\\\/\\\/kaneladesign.ee\\\/#\\\/schema\\\/logo\\\/image\\\/\",\"url\":\"https:\\\/\\\/kaneladesign.ee\\\/wp-content\\\/uploads\\\/2024\\\/09\\\/cropped-1-1.png\",\"contentUrl\":\"https:\\\/\\\/kaneladesign.ee\\\/wp-content\\\/uploads\\\/2024\\\/09\\\/cropped-1-1.png\",\"width\":998,\"height\":1020,\"caption\":\"Kanela\"},\"image\":{\"@id\":\"https:\\\/\\\/kaneladesign.ee\\\/#\\\/schema\\\/logo\\\/image\\\/\"},\"sameAs\":[\"https:\\\/\\\/www.facebook.com\\\/kanelaehted\",\"https:\\\/\\\/www.instagram.com\\\/kanelaehted\\\/\"]}]}<\/script>\n<!-- \/ Yoast SEO plugin. -->","yoast_head_json":{"title":"Cart - Kanela","robots":{"index":"index","follow":"follow","max-snippet":"max-snippet:-1","max-image-preview":"max-image-preview:large","max-video-preview":"max-video-preview:-1"},"canonical":"https:\/\/kaneladesign.ee\/et\/cart\/","og_locale":"et_EE","og_type":"article","og_title":"Cart - Kanela","og_description":"Your order summary Eemalda Thumbnail image Toode Hind Kogus Vahesumma &times; Helkurm\u00e4rk \u201cUnistav tiiger\u201d 12,00&nbsp;&euro; Helkurm\u00e4rk \u201cUnistav tiiger\u201d kogus 12,00&nbsp;&euro; Apply coupon Cart totals Vahesumma 12,00&nbsp;&euro; Saadetis Omniva pakiautomaat: 2,50&nbsp;&euro; DPD pakiautomaat: 2,50&nbsp;&euro; Tarne sihtkohta Valga, Valga Rimi (Udrop), Riia 18, 68203 Valga. Muuda aadressi Country \/ region Vali riik \/ piirkond&hellip;Afganistan\u00c5land IslandsAlbaaniaAl\u017eeeriaAmeerika SamoaAmeerika \u00dchendriigid [&hellip;]","og_url":"https:\/\/kaneladesign.ee\/et\/cart\/","og_site_name":"Kanela","article_publisher":"https:\/\/www.facebook.com\/kanelaehted","article_modified_time":"2025-11-11T00:57:36+00:00","og_image":[{"url":"https:\/\/kaneladesign.ee\/wp-content\/uploads\/2025\/10\/a109-unistav-tiiger-300x300.jpeg","type":"","width":"","height":""}],"twitter_card":"summary_large_image","twitter_misc":{"Est. reading time":"1 minut"},"schema":{"@context":"https:\/\/schema.org","@graph":[{"@type":"WebPage","@id":"https:\/\/kaneladesign.ee\/cart\/","url":"https:\/\/kaneladesign.ee\/cart\/","name":"Cart - Kanela","isPartOf":{"@id":"https:\/\/kaneladesign.ee\/#website"},"primaryImageOfPage":{"@id":"https:\/\/kaneladesign.ee\/cart\/#primaryimage"},"image":{"@id":"https:\/\/kaneladesign.ee\/cart\/#primaryimage"},"thumbnailUrl":"https:\/\/kaneladesign.ee\/wp-content\/uploads\/2025\/10\/a109-unistav-tiiger-300x300.jpeg","datePublished":"2024-09-14T14:53:32+00:00","dateModified":"2025-11-11T00:57:36+00:00","breadcrumb":{"@id":"https:\/\/kaneladesign.ee\/cart\/#breadcrumb"},"inLanguage":"et","potentialAction":[{"@type":"ReadAction","target":["https:\/\/kaneladesign.ee\/cart\/"]}]},{"@type":"ImageObject","inLanguage":"et","@id":"https:\/\/kaneladesign.ee\/cart\/#primaryimage","url":"https:\/\/kaneladesign.ee\/wp-content\/uploads\/2025\/10\/a109-unistav-tiiger-300x300.jpeg","contentUrl":"https:\/\/kaneladesign.ee\/wp-content\/uploads\/2025\/10\/a109-unistav-tiiger-300x300.jpeg"},{"@type":"BreadcrumbList","@id":"https:\/\/kaneladesign.ee\/cart\/#breadcrumb","itemListElement":[{"@type":"ListItem","position":1,"name":"Home","item":"https:\/\/kaneladesign.ee\/et\/"},{"@type":"ListItem","position":2,"name":"Cart"}]},{"@type":"WebSite","@id":"https:\/\/kaneladesign.ee\/#website","url":"https:\/\/kaneladesign.ee\/","name":"Kanela","description":"","publisher":{"@id":"https:\/\/kaneladesign.ee\/#organization"},"potentialAction":[{"@type":"SearchAction","target":{"@type":"EntryPoint","urlTemplate":"https:\/\/kaneladesign.ee\/?s={search_term_string}"},"query-input":{"@type":"PropertyValueSpecification","valueRequired":true,"valueName":"search_term_string"}}],"inLanguage":"et"},{"@type":"Organization","@id":"https:\/\/kaneladesign.ee\/#organization","name":"Kanela","url":"https:\/\/kaneladesign.ee\/","logo":{"@type":"ImageObject","inLanguage":"et","@id":"https:\/\/kaneladesign.ee\/#\/schema\/logo\/image\/","url":"https:\/\/kaneladesign.ee\/wp-content\/uploads\/2024\/09\/cropped-1-1.png","contentUrl":"https:\/\/kaneladesign.ee\/wp-content\/uploads\/2024\/09\/cropped-1-1.png","width":998,"height":1020,"caption":"Kanela"},"image":{"@id":"https:\/\/kaneladesign.ee\/#\/schema\/logo\/image\/"},"sameAs":["https:\/\/www.facebook.com\/kanelaehted","https:\/\/www.instagram.com\/kanelaehted\/"]}]}},"uagb_featured_image_src":{"full":false,"thumbnail":false,"medium":false,"medium_large":false,"large":false,"1536x1536":false,"2048x2048":false,"trp-custom-language-flag":false,"woocommerce_thumbnail":false,"woocommerce_single":false,"woocommerce_gallery_thumbnail":false},"uagb_author_info":{"display_name":"Rimute","author_link":"https:\/\/kaneladesign.ee\/et\/author\/rimute\/"},"uagb_comment_info":0,"uagb_excerpt":"Your order summary Eemalda Thumbnail image Toode Hind Kogus Vahesumma &times; Helkurm\u00e4rk \u201cUnistav tiiger\u201d 12,00&nbsp;&euro; Helkurm\u00e4rk \u201cUnistav tiiger\u201d kogus 12,00&nbsp;&euro; Apply coupon Cart totals Vahesumma 12,00&nbsp;&euro; Saadetis Omniva pakiautomaat: 2,50&nbsp;&euro; DPD pakiautomaat: 2,50&nbsp;&euro; Tarne sihtkohta Valga, Valga Rimi (Udrop), Riia 18, 68203 Valga. Muuda aadressi Country \/ region Vali riik \/ piirkond&hellip;Afganistan\u00c5land IslandsAlbaaniaAl\u017eeeriaAmeerika SamoaAmeerika \u00dchendriigid&hellip;","jetpack_sharing_enabled":true,"_links":{"self":[{"href":"https:\/\/kaneladesign.ee\/et\/wp-json\/wp\/v2\/pages\/3570","targetHints":{"allow":["GET"]}}],"collection":[{"href":"https:\/\/kaneladesign.ee\/et\/wp-json\/wp\/v2\/pages"}],"about":[{"href":"https:\/\/kaneladesign.ee\/et\/wp-json\/wp\/v2\/types\/page"}],"author":[{"embeddable":true,"href":"https:\/\/kaneladesign.ee\/et\/wp-json\/wp\/v2\/users\/1"}],"replies":[{"embeddable":true,"href":"https:\/\/kaneladesign.ee\/et\/wp-json\/wp\/v2\/comments?post=3570"}],"version-history":[{"count":5,"href":"https:\/\/kaneladesign.ee\/et\/wp-json\/wp\/v2\/pages\/3570\/revisions"}],"predecessor-version":[{"id":6758,"href":"https:\/\/kaneladesign.ee\/et\/wp-json\/wp\/v2\/pages\/3570\/revisions\/6758"}],"wp:attachment":[{"href":"https:\/\/kaneladesign.ee\/et\/wp-json\/wp\/v2\/media?parent=3570"}],"curies":[{"name":"wp","href":"https:\/\/api.w.org\/{rel}","templated":true}]}}