{"id":2731,"date":"2024-09-10T17:14:10","date_gmt":"2024-09-10T17:14:10","guid":{"rendered":"https:\/\/kaneladesign.ee\/?post_type=product&#038;p=2731"},"modified":"2025-12-16T14:05:24","modified_gmt":"2025-12-16T14:05:24","slug":"helkiv-ripats-kiil-must","status":"publish","type":"product","link":"https:\/\/kaneladesign.ee\/et\/toode\/helkiv-ripats-kiil-must\/","title":{"rendered":"Helkiv Ripats \u201cKiil\u201d must"},"content":{"rendered":"","protected":false},"excerpt":{"rendered":"<p>\u00d6\u00f6helk ripatsid on inspiratsiooni saanud loodusest. Prossid on valmistatud pleksiklaasist ning kaetud helkiva materjaliga, mis vastab EU-normidele. Helkuri saab kinnitada k\u00e4sit\u00f6\u00f6na valminud t\u00e4isnahast paelaga, mis on \u00fchendatud roostevaba terasest detailidega.<\/p>\n<p>Helkur tuleb mustas kinkekarbis.<\/p>","protected":false},"featured_media":2835,"template":"","meta":{"_uag_custom_page_level_css":""},"product_brand":[],"product_cat":[42,40,23],"product_tag":[],"class_list":{"0":"post-2731","1":"product","2":"type-product","3":"status-publish","4":"has-post-thumbnail","6":"product_cat-helkiv-ripats-must","7":"product_cat-helkiv-ripats","8":"product_cat-reflectors","10":"first","11":"instock","12":"shipping-taxable","13":"purchasable","14":"product-type-simple"},"yoast_head":"<!-- This site is optimized with the Yoast SEO plugin v27.3 - https:\/\/yoast.com\/product\/yoast-seo-wordpress\/ -->\n<title>Helkiv Ripats \u201cKiil\u201d must - Kanela<\/title>\n<meta name=\"robots\" content=\"index, follow, max-snippet:-1, max-image-preview:large, max-video-preview:-1\" \/>\n<link rel=\"canonical\" href=\"https:\/\/kaneladesign.ee\/et\/toode\/helkiv-ripats-kiil-must\/\" \/>\n<meta property=\"og:locale\" content=\"et_EE\" \/>\n<meta property=\"og:type\" content=\"article\" \/>\n<meta property=\"og:title\" content=\"Helkiv Ripats \u201cKiil\u201d must - Kanela\" \/>\n<meta property=\"og:description\" content=\"\u00d6\u00f6helk ripatsid on inspiratsiooni saanud loodusest. Prossid on valmistatud pleksiklaasist ning kaetud helkiva materjaliga, mis vastab EU-normidele. Helkuri saab kinnitada k\u00e4sit\u00f6\u00f6na valminud t\u00e4isnahast paelaga, mis on \u00fchendatud roostevaba terasest detailidega. Helkur tuleb mustas kinkekarbis.\" \/>\n<meta property=\"og:url\" content=\"https:\/\/kaneladesign.ee\/et\/toode\/helkiv-ripats-kiil-must\/\" \/>\n<meta property=\"og:site_name\" content=\"Kanela\" \/>\n<meta property=\"article:publisher\" content=\"https:\/\/www.facebook.com\/kanelaehted\" \/>\n<meta property=\"article:modified_time\" content=\"2025-12-16T14:05:24+00:00\" \/>\n<meta property=\"og:image\" content=\"https:\/\/kaneladesign.ee\/wp-content\/uploads\/2024\/09\/img_4548-scaled-1.jpeg\" \/>\n\t<meta property=\"og:image:width\" content=\"2560\" \/>\n\t<meta property=\"og:image:height\" content=\"2560\" \/>\n\t<meta property=\"og:image:type\" content=\"image\/jpeg\" \/>\n<meta name=\"twitter:card\" content=\"summary_large_image\" \/>\n<script type=\"application\/ld+json\" class=\"yoast-schema-graph\">{\"@context\":\"https:\\\/\\\/schema.org\",\"@graph\":[{\"@type\":\"WebPage\",\"@id\":\"https:\\\/\\\/kaneladesign.ee\\\/toode\\\/helkiv-ripats-kiil-must\\\/\",\"url\":\"https:\\\/\\\/kaneladesign.ee\\\/toode\\\/helkiv-ripats-kiil-must\\\/\",\"name\":\"Helkiv Ripats \u201cKiil\u201d must - Kanela\",\"isPartOf\":{\"@id\":\"https:\\\/\\\/kaneladesign.ee\\\/#website\"},\"primaryImageOfPage\":{\"@id\":\"https:\\\/\\\/kaneladesign.ee\\\/toode\\\/helkiv-ripats-kiil-must\\\/#primaryimage\"},\"image\":{\"@id\":\"https:\\\/\\\/kaneladesign.ee\\\/toode\\\/helkiv-ripats-kiil-must\\\/#primaryimage\"},\"thumbnailUrl\":\"https:\\\/\\\/kaneladesign.ee\\\/wp-content\\\/uploads\\\/2024\\\/09\\\/img_4548-scaled-1.jpeg\",\"datePublished\":\"2024-09-10T17:14:10+00:00\",\"dateModified\":\"2025-12-16T14:05:24+00:00\",\"breadcrumb\":{\"@id\":\"https:\\\/\\\/kaneladesign.ee\\\/toode\\\/helkiv-ripats-kiil-must\\\/#breadcrumb\"},\"inLanguage\":\"et\",\"potentialAction\":[{\"@type\":\"ReadAction\",\"target\":[\"https:\\\/\\\/kaneladesign.ee\\\/toode\\\/helkiv-ripats-kiil-must\\\/\"]}]},{\"@type\":\"ImageObject\",\"inLanguage\":\"et\",\"@id\":\"https:\\\/\\\/kaneladesign.ee\\\/toode\\\/helkiv-ripats-kiil-must\\\/#primaryimage\",\"url\":\"https:\\\/\\\/kaneladesign.ee\\\/wp-content\\\/uploads\\\/2024\\\/09\\\/img_4548-scaled-1.jpeg\",\"contentUrl\":\"https:\\\/\\\/kaneladesign.ee\\\/wp-content\\\/uploads\\\/2024\\\/09\\\/img_4548-scaled-1.jpeg\",\"width\":2560,\"height\":2560},{\"@type\":\"BreadcrumbList\",\"@id\":\"https:\\\/\\\/kaneladesign.ee\\\/toode\\\/helkiv-ripats-kiil-must\\\/#breadcrumb\",\"itemListElement\":[{\"@type\":\"ListItem\",\"position\":1,\"name\":\"Home\",\"item\":\"https:\\\/\\\/kaneladesign.ee\\\/et\\\/\"},{\"@type\":\"ListItem\",\"position\":2,\"name\":\"Shop\",\"item\":\"https:\\\/\\\/kaneladesign.ee\\\/shop\\\/\"},{\"@type\":\"ListItem\",\"position\":3,\"name\":\"Helkiv Ripats \u201cKiil\u201d must\"}]},{\"@type\":\"WebSite\",\"@id\":\"https:\\\/\\\/kaneladesign.ee\\\/#website\",\"url\":\"https:\\\/\\\/kaneladesign.ee\\\/\",\"name\":\"Kanela\",\"description\":\"\",\"publisher\":{\"@id\":\"https:\\\/\\\/kaneladesign.ee\\\/#organization\"},\"potentialAction\":[{\"@type\":\"SearchAction\",\"target\":{\"@type\":\"EntryPoint\",\"urlTemplate\":\"https:\\\/\\\/kaneladesign.ee\\\/?s={search_term_string}\"},\"query-input\":{\"@type\":\"PropertyValueSpecification\",\"valueRequired\":true,\"valueName\":\"search_term_string\"}}],\"inLanguage\":\"et\"},{\"@type\":\"Organization\",\"@id\":\"https:\\\/\\\/kaneladesign.ee\\\/#organization\",\"name\":\"Kanela\",\"url\":\"https:\\\/\\\/kaneladesign.ee\\\/\",\"logo\":{\"@type\":\"ImageObject\",\"inLanguage\":\"et\",\"@id\":\"https:\\\/\\\/kaneladesign.ee\\\/#\\\/schema\\\/logo\\\/image\\\/\",\"url\":\"https:\\\/\\\/kaneladesign.ee\\\/wp-content\\\/uploads\\\/2024\\\/09\\\/cropped-1-1.png\",\"contentUrl\":\"https:\\\/\\\/kaneladesign.ee\\\/wp-content\\\/uploads\\\/2024\\\/09\\\/cropped-1-1.png\",\"width\":998,\"height\":1020,\"caption\":\"Kanela\"},\"image\":{\"@id\":\"https:\\\/\\\/kaneladesign.ee\\\/#\\\/schema\\\/logo\\\/image\\\/\"},\"sameAs\":[\"https:\\\/\\\/www.facebook.com\\\/kanelaehted\",\"https:\\\/\\\/www.instagram.com\\\/kanelaehted\\\/\"]}]}<\/script>\n<!-- \/ Yoast SEO plugin. -->","yoast_head_json":{"title":"Helkiv Ripats \u201cKiil\u201d must - Kanela","robots":{"index":"index","follow":"follow","max-snippet":"max-snippet:-1","max-image-preview":"max-image-preview:large","max-video-preview":"max-video-preview:-1"},"canonical":"https:\/\/kaneladesign.ee\/et\/toode\/helkiv-ripats-kiil-must\/","og_locale":"et_EE","og_type":"article","og_title":"Helkiv Ripats \u201cKiil\u201d must - Kanela","og_description":"\u00d6\u00f6helk ripatsid on inspiratsiooni saanud loodusest. Prossid on valmistatud pleksiklaasist ning kaetud helkiva materjaliga, mis vastab EU-normidele. Helkuri saab kinnitada k\u00e4sit\u00f6\u00f6na valminud t\u00e4isnahast paelaga, mis on \u00fchendatud roostevaba terasest detailidega. Helkur tuleb mustas kinkekarbis.","og_url":"https:\/\/kaneladesign.ee\/et\/toode\/helkiv-ripats-kiil-must\/","og_site_name":"Kanela","article_publisher":"https:\/\/www.facebook.com\/kanelaehted","article_modified_time":"2025-12-16T14:05:24+00:00","og_image":[{"width":2560,"height":2560,"url":"https:\/\/kaneladesign.ee\/wp-content\/uploads\/2024\/09\/img_4548-scaled-1.jpeg","type":"image\/jpeg"}],"twitter_card":"summary_large_image","schema":{"@context":"https:\/\/schema.org","@graph":[{"@type":"WebPage","@id":"https:\/\/kaneladesign.ee\/toode\/helkiv-ripats-kiil-must\/","url":"https:\/\/kaneladesign.ee\/toode\/helkiv-ripats-kiil-must\/","name":"Helkiv Ripats \u201cKiil\u201d must - Kanela","isPartOf":{"@id":"https:\/\/kaneladesign.ee\/#website"},"primaryImageOfPage":{"@id":"https:\/\/kaneladesign.ee\/toode\/helkiv-ripats-kiil-must\/#primaryimage"},"image":{"@id":"https:\/\/kaneladesign.ee\/toode\/helkiv-ripats-kiil-must\/#primaryimage"},"thumbnailUrl":"https:\/\/kaneladesign.ee\/wp-content\/uploads\/2024\/09\/img_4548-scaled-1.jpeg","datePublished":"2024-09-10T17:14:10+00:00","dateModified":"2025-12-16T14:05:24+00:00","breadcrumb":{"@id":"https:\/\/kaneladesign.ee\/toode\/helkiv-ripats-kiil-must\/#breadcrumb"},"inLanguage":"et","potentialAction":[{"@type":"ReadAction","target":["https:\/\/kaneladesign.ee\/toode\/helkiv-ripats-kiil-must\/"]}]},{"@type":"ImageObject","inLanguage":"et","@id":"https:\/\/kaneladesign.ee\/toode\/helkiv-ripats-kiil-must\/#primaryimage","url":"https:\/\/kaneladesign.ee\/wp-content\/uploads\/2024\/09\/img_4548-scaled-1.jpeg","contentUrl":"https:\/\/kaneladesign.ee\/wp-content\/uploads\/2024\/09\/img_4548-scaled-1.jpeg","width":2560,"height":2560},{"@type":"BreadcrumbList","@id":"https:\/\/kaneladesign.ee\/toode\/helkiv-ripats-kiil-must\/#breadcrumb","itemListElement":[{"@type":"ListItem","position":1,"name":"Home","item":"https:\/\/kaneladesign.ee\/et\/"},{"@type":"ListItem","position":2,"name":"Shop","item":"https:\/\/kaneladesign.ee\/shop\/"},{"@type":"ListItem","position":3,"name":"Helkiv Ripats \u201cKiil\u201d must"}]},{"@type":"WebSite","@id":"https:\/\/kaneladesign.ee\/#website","url":"https:\/\/kaneladesign.ee\/","name":"Kanela","description":"","publisher":{"@id":"https:\/\/kaneladesign.ee\/#organization"},"potentialAction":[{"@type":"SearchAction","target":{"@type":"EntryPoint","urlTemplate":"https:\/\/kaneladesign.ee\/?s={search_term_string}"},"query-input":{"@type":"PropertyValueSpecification","valueRequired":true,"valueName":"search_term_string"}}],"inLanguage":"et"},{"@type":"Organization","@id":"https:\/\/kaneladesign.ee\/#organization","name":"Kanela","url":"https:\/\/kaneladesign.ee\/","logo":{"@type":"ImageObject","inLanguage":"et","@id":"https:\/\/kaneladesign.ee\/#\/schema\/logo\/image\/","url":"https:\/\/kaneladesign.ee\/wp-content\/uploads\/2024\/09\/cropped-1-1.png","contentUrl":"https:\/\/kaneladesign.ee\/wp-content\/uploads\/2024\/09\/cropped-1-1.png","width":998,"height":1020,"caption":"Kanela"},"image":{"@id":"https:\/\/kaneladesign.ee\/#\/schema\/logo\/image\/"},"sameAs":["https:\/\/www.facebook.com\/kanelaehted","https:\/\/www.instagram.com\/kanelaehted\/"]}]}},"uagb_featured_image_src":{"full":["https:\/\/kaneladesign.ee\/wp-content\/uploads\/2024\/09\/img_4548-scaled-1.jpeg",2560,2560,false],"thumbnail":["https:\/\/kaneladesign.ee\/wp-content\/uploads\/2024\/09\/img_4548-scaled-1-150x150.jpeg",150,150,true],"medium":["https:\/\/kaneladesign.ee\/wp-content\/uploads\/2024\/09\/img_4548-scaled-1-300x300.jpeg",300,300,true],"medium_large":["https:\/\/kaneladesign.ee\/wp-content\/uploads\/2024\/09\/img_4548-scaled-1-768x768.jpeg",768,768,true],"large":["https:\/\/kaneladesign.ee\/wp-content\/uploads\/2024\/09\/img_4548-scaled-1-1024x1024.jpeg",800,800,true],"1536x1536":["https:\/\/kaneladesign.ee\/wp-content\/uploads\/2024\/09\/img_4548-scaled-1-1536x1536.jpeg",1536,1536,true],"2048x2048":["https:\/\/kaneladesign.ee\/wp-content\/uploads\/2024\/09\/img_4548-scaled-1-2048x2048.jpeg",2048,2048,true],"trp-custom-language-flag":["https:\/\/kaneladesign.ee\/wp-content\/uploads\/2024\/09\/img_4548-scaled-1.jpeg",12,12,false],"woocommerce_thumbnail":["https:\/\/kaneladesign.ee\/wp-content\/uploads\/2024\/09\/img_4548-scaled-1-300x300.jpeg",300,300,true],"woocommerce_single":["https:\/\/kaneladesign.ee\/wp-content\/uploads\/2024\/09\/img_4548-scaled-1-600x600.jpeg",600,600,true],"woocommerce_gallery_thumbnail":["https:\/\/kaneladesign.ee\/wp-content\/uploads\/2024\/09\/img_4548-scaled-1-100x100.jpeg",100,100,true]},"uagb_author_info":{"display_name":"Rimute","author_link":"https:\/\/kaneladesign.ee\/et\/author\/"},"uagb_comment_info":0,"uagb_excerpt":"\u00d6\u00f6helk ripatsid on inspiratsiooni saanud loodusest. Prossid on valmistatud pleksiklaasist ning kaetud helkiva materjaliga, mis vastab EU-normidele. Helkuri saab kinnitada k\u00e4sit\u00f6\u00f6na valminud t\u00e4isnahast paelaga, mis on \u00fchendatud roostevaba terasest detailidega. Helkur tuleb mustas kinkekarbis.","jetpack_sharing_enabled":true,"_links":{"self":[{"href":"https:\/\/kaneladesign.ee\/et\/wp-json\/wp\/v2\/product\/2731","targetHints":{"allow":["GET"]}}],"collection":[{"href":"https:\/\/kaneladesign.ee\/et\/wp-json\/wp\/v2\/product"}],"about":[{"href":"https:\/\/kaneladesign.ee\/et\/wp-json\/wp\/v2\/types\/product"}],"wp:featuredmedia":[{"embeddable":true,"href":"https:\/\/kaneladesign.ee\/et\/wp-json\/wp\/v2\/media\/2835"}],"wp:attachment":[{"href":"https:\/\/kaneladesign.ee\/et\/wp-json\/wp\/v2\/media?parent=2731"}],"wp:term":[{"taxonomy":"product_brand","embeddable":true,"href":"https:\/\/kaneladesign.ee\/et\/wp-json\/wp\/v2\/product_brand?post=2731"},{"taxonomy":"product_cat","embeddable":true,"href":"https:\/\/kaneladesign.ee\/et\/wp-json\/wp\/v2\/product_cat?post=2731"},{"taxonomy":"product_tag","embeddable":true,"href":"https:\/\/kaneladesign.ee\/et\/wp-json\/wp\/v2\/product_tag?post=2731"}],"curies":[{"name":"wp","href":"https:\/\/api.w.org\/{rel}","templated":true}]}}