{"id":3486,"date":"2024-09-12T17:31:22","date_gmt":"2024-09-12T17:31:22","guid":{"rendered":"https:\/\/kaneladesign.ee\/?post_type=product&#038;p=3486"},"modified":"2025-06-19T13:27:20","modified_gmt":"2025-06-19T13:27:20","slug":"kanela-silver-earrings-sea-turtle","status":"publish","type":"product","link":"https:\/\/kaneladesign.ee\/et\/toode\/kanela-silver-earrings-sea-turtle\/","title":{"rendered":"Kanela h\u00f5bek\u00f5rvar\u00f5ngad \u201cKilpkonn\u201d"},"content":{"rendered":"<p class=\"wt-line-height-tight wt-break-word wt-text-body-01\" data-buy-box-listing-title=\"true\">925 Silver Sea Turtle Earrings with abalone shell<\/p>\n<p data-buy-box-listing-title=\"true\">","protected":false},"excerpt":{"rendered":"<p>925 Silver Sea Turtle Earrings with abalone shell<\/p>","protected":false},"featured_media":3489,"template":"","meta":{"_uag_custom_page_level_css":""},"product_brand":[],"product_cat":[158,32,21,155],"product_tag":[177],"class_list":{"0":"post-3486","1":"product","2":"type-product","3":"status-publish","4":"has-post-thumbnail","6":"product_cat-women-earrings","7":"product_cat-silver-earrings","8":"product_cat-silver-jewellery","9":"product_cat-women","10":"product_tag-silver","12":"first","13":"outofstock","14":"shipping-taxable","15":"purchasable","16":"product-type-simple"},"yoast_head":"<!-- This site is optimized with the Yoast SEO plugin v27.3 - https:\/\/yoast.com\/product\/yoast-seo-wordpress\/ -->\n<title>Kanela Silver Earrings &quot;Sea Turtle&quot; - Kanela<\/title>\n<meta name=\"robots\" content=\"index, follow, max-snippet:-1, max-image-preview:large, max-video-preview:-1\" \/>\n<link rel=\"canonical\" href=\"https:\/\/kaneladesign.ee\/et\/toode\/kanela-silver-earrings-sea-turtle\/\" \/>\n<meta property=\"og:locale\" content=\"et_EE\" \/>\n<meta property=\"og:type\" content=\"article\" \/>\n<meta property=\"og:title\" content=\"Kanela Silver Earrings &quot;Sea Turtle&quot; - Kanela\" \/>\n<meta property=\"og:description\" content=\"925 Silver Sea Turtle Earrings with abalone shell\" \/>\n<meta property=\"og:url\" content=\"https:\/\/kaneladesign.ee\/et\/toode\/kanela-silver-earrings-sea-turtle\/\" \/>\n<meta property=\"og:site_name\" content=\"Kanela\" \/>\n<meta property=\"article:publisher\" content=\"https:\/\/www.facebook.com\/kanelaehted\" \/>\n<meta property=\"article:modified_time\" content=\"2025-06-19T13:27:20+00:00\" \/>\n<meta property=\"og:image\" content=\"https:\/\/kaneladesign.ee\/wp-content\/uploads\/2024\/09\/dsc_1441-scaled.jpeg\" \/>\n\t<meta property=\"og:image:width\" content=\"2560\" \/>\n\t<meta property=\"og:image:height\" content=\"2560\" \/>\n\t<meta property=\"og:image:type\" content=\"image\/jpeg\" \/>\n<meta name=\"twitter:card\" content=\"summary_large_image\" \/>\n<meta name=\"twitter:label1\" content=\"Est. reading time\" \/>\n\t<meta name=\"twitter:data1\" content=\"1 minut\" \/>\n<script type=\"application\/ld+json\" class=\"yoast-schema-graph\">{\"@context\":\"https:\\\/\\\/schema.org\",\"@graph\":[{\"@type\":\"WebPage\",\"@id\":\"https:\\\/\\\/kaneladesign.ee\\\/toode\\\/kanela-silver-earrings-sea-turtle\\\/\",\"url\":\"https:\\\/\\\/kaneladesign.ee\\\/toode\\\/kanela-silver-earrings-sea-turtle\\\/\",\"name\":\"Kanela Silver Earrings \\\"Sea Turtle\\\" - Kanela\",\"isPartOf\":{\"@id\":\"https:\\\/\\\/kaneladesign.ee\\\/#website\"},\"primaryImageOfPage\":{\"@id\":\"https:\\\/\\\/kaneladesign.ee\\\/toode\\\/kanela-silver-earrings-sea-turtle\\\/#primaryimage\"},\"image\":{\"@id\":\"https:\\\/\\\/kaneladesign.ee\\\/toode\\\/kanela-silver-earrings-sea-turtle\\\/#primaryimage\"},\"thumbnailUrl\":\"https:\\\/\\\/kaneladesign.ee\\\/wp-content\\\/uploads\\\/2024\\\/09\\\/dsc_1441-scaled.jpeg\",\"datePublished\":\"2024-09-12T17:31:22+00:00\",\"dateModified\":\"2025-06-19T13:27:20+00:00\",\"breadcrumb\":{\"@id\":\"https:\\\/\\\/kaneladesign.ee\\\/toode\\\/kanela-silver-earrings-sea-turtle\\\/#breadcrumb\"},\"inLanguage\":\"et\",\"potentialAction\":[{\"@type\":\"ReadAction\",\"target\":[\"https:\\\/\\\/kaneladesign.ee\\\/toode\\\/kanela-silver-earrings-sea-turtle\\\/\"]}]},{\"@type\":\"ImageObject\",\"inLanguage\":\"et\",\"@id\":\"https:\\\/\\\/kaneladesign.ee\\\/toode\\\/kanela-silver-earrings-sea-turtle\\\/#primaryimage\",\"url\":\"https:\\\/\\\/kaneladesign.ee\\\/wp-content\\\/uploads\\\/2024\\\/09\\\/dsc_1441-scaled.jpeg\",\"contentUrl\":\"https:\\\/\\\/kaneladesign.ee\\\/wp-content\\\/uploads\\\/2024\\\/09\\\/dsc_1441-scaled.jpeg\",\"width\":2560,\"height\":2560},{\"@type\":\"BreadcrumbList\",\"@id\":\"https:\\\/\\\/kaneladesign.ee\\\/toode\\\/kanela-silver-earrings-sea-turtle\\\/#breadcrumb\",\"itemListElement\":[{\"@type\":\"ListItem\",\"position\":1,\"name\":\"Home\",\"item\":\"https:\\\/\\\/kaneladesign.ee\\\/et\\\/\"},{\"@type\":\"ListItem\",\"position\":2,\"name\":\"Shop\",\"item\":\"https:\\\/\\\/kaneladesign.ee\\\/shop\\\/\"},{\"@type\":\"ListItem\",\"position\":3,\"name\":\"Kanela Silver Earrings &#8220;Sea Turtle&#8221;\"}]},{\"@type\":\"WebSite\",\"@id\":\"https:\\\/\\\/kaneladesign.ee\\\/#website\",\"url\":\"https:\\\/\\\/kaneladesign.ee\\\/\",\"name\":\"Kanela\",\"description\":\"\",\"publisher\":{\"@id\":\"https:\\\/\\\/kaneladesign.ee\\\/#organization\"},\"potentialAction\":[{\"@type\":\"SearchAction\",\"target\":{\"@type\":\"EntryPoint\",\"urlTemplate\":\"https:\\\/\\\/kaneladesign.ee\\\/?s={search_term_string}\"},\"query-input\":{\"@type\":\"PropertyValueSpecification\",\"valueRequired\":true,\"valueName\":\"search_term_string\"}}],\"inLanguage\":\"et\"},{\"@type\":\"Organization\",\"@id\":\"https:\\\/\\\/kaneladesign.ee\\\/#organization\",\"name\":\"Kanela\",\"url\":\"https:\\\/\\\/kaneladesign.ee\\\/\",\"logo\":{\"@type\":\"ImageObject\",\"inLanguage\":\"et\",\"@id\":\"https:\\\/\\\/kaneladesign.ee\\\/#\\\/schema\\\/logo\\\/image\\\/\",\"url\":\"https:\\\/\\\/kaneladesign.ee\\\/wp-content\\\/uploads\\\/2024\\\/09\\\/cropped-1-1.png\",\"contentUrl\":\"https:\\\/\\\/kaneladesign.ee\\\/wp-content\\\/uploads\\\/2024\\\/09\\\/cropped-1-1.png\",\"width\":998,\"height\":1020,\"caption\":\"Kanela\"},\"image\":{\"@id\":\"https:\\\/\\\/kaneladesign.ee\\\/#\\\/schema\\\/logo\\\/image\\\/\"},\"sameAs\":[\"https:\\\/\\\/www.facebook.com\\\/kanelaehted\",\"https:\\\/\\\/www.instagram.com\\\/kanelaehted\\\/\"]}]}<\/script>\n<!-- \/ Yoast SEO plugin. -->","yoast_head_json":{"title":"Kanela Silver Earrings \"Sea Turtle\" - Kanela","robots":{"index":"index","follow":"follow","max-snippet":"max-snippet:-1","max-image-preview":"max-image-preview:large","max-video-preview":"max-video-preview:-1"},"canonical":"https:\/\/kaneladesign.ee\/et\/toode\/kanela-silver-earrings-sea-turtle\/","og_locale":"et_EE","og_type":"article","og_title":"Kanela Silver Earrings \"Sea Turtle\" - Kanela","og_description":"925 Silver Sea Turtle Earrings with abalone shell","og_url":"https:\/\/kaneladesign.ee\/et\/toode\/kanela-silver-earrings-sea-turtle\/","og_site_name":"Kanela","article_publisher":"https:\/\/www.facebook.com\/kanelaehted","article_modified_time":"2025-06-19T13:27:20+00:00","og_image":[{"width":2560,"height":2560,"url":"https:\/\/kaneladesign.ee\/wp-content\/uploads\/2024\/09\/dsc_1441-scaled.jpeg","type":"image\/jpeg"}],"twitter_card":"summary_large_image","twitter_misc":{"Est. reading time":"1 minut"},"schema":{"@context":"https:\/\/schema.org","@graph":[{"@type":"WebPage","@id":"https:\/\/kaneladesign.ee\/toode\/kanela-silver-earrings-sea-turtle\/","url":"https:\/\/kaneladesign.ee\/toode\/kanela-silver-earrings-sea-turtle\/","name":"Kanela Silver Earrings \"Sea Turtle\" - Kanela","isPartOf":{"@id":"https:\/\/kaneladesign.ee\/#website"},"primaryImageOfPage":{"@id":"https:\/\/kaneladesign.ee\/toode\/kanela-silver-earrings-sea-turtle\/#primaryimage"},"image":{"@id":"https:\/\/kaneladesign.ee\/toode\/kanela-silver-earrings-sea-turtle\/#primaryimage"},"thumbnailUrl":"https:\/\/kaneladesign.ee\/wp-content\/uploads\/2024\/09\/dsc_1441-scaled.jpeg","datePublished":"2024-09-12T17:31:22+00:00","dateModified":"2025-06-19T13:27:20+00:00","breadcrumb":{"@id":"https:\/\/kaneladesign.ee\/toode\/kanela-silver-earrings-sea-turtle\/#breadcrumb"},"inLanguage":"et","potentialAction":[{"@type":"ReadAction","target":["https:\/\/kaneladesign.ee\/toode\/kanela-silver-earrings-sea-turtle\/"]}]},{"@type":"ImageObject","inLanguage":"et","@id":"https:\/\/kaneladesign.ee\/toode\/kanela-silver-earrings-sea-turtle\/#primaryimage","url":"https:\/\/kaneladesign.ee\/wp-content\/uploads\/2024\/09\/dsc_1441-scaled.jpeg","contentUrl":"https:\/\/kaneladesign.ee\/wp-content\/uploads\/2024\/09\/dsc_1441-scaled.jpeg","width":2560,"height":2560},{"@type":"BreadcrumbList","@id":"https:\/\/kaneladesign.ee\/toode\/kanela-silver-earrings-sea-turtle\/#breadcrumb","itemListElement":[{"@type":"ListItem","position":1,"name":"Home","item":"https:\/\/kaneladesign.ee\/et\/"},{"@type":"ListItem","position":2,"name":"Shop","item":"https:\/\/kaneladesign.ee\/shop\/"},{"@type":"ListItem","position":3,"name":"Kanela Silver Earrings &#8220;Sea Turtle&#8221;"}]},{"@type":"WebSite","@id":"https:\/\/kaneladesign.ee\/#website","url":"https:\/\/kaneladesign.ee\/","name":"Kanela","description":"","publisher":{"@id":"https:\/\/kaneladesign.ee\/#organization"},"potentialAction":[{"@type":"SearchAction","target":{"@type":"EntryPoint","urlTemplate":"https:\/\/kaneladesign.ee\/?s={search_term_string}"},"query-input":{"@type":"PropertyValueSpecification","valueRequired":true,"valueName":"search_term_string"}}],"inLanguage":"et"},{"@type":"Organization","@id":"https:\/\/kaneladesign.ee\/#organization","name":"Kanela","url":"https:\/\/kaneladesign.ee\/","logo":{"@type":"ImageObject","inLanguage":"et","@id":"https:\/\/kaneladesign.ee\/#\/schema\/logo\/image\/","url":"https:\/\/kaneladesign.ee\/wp-content\/uploads\/2024\/09\/cropped-1-1.png","contentUrl":"https:\/\/kaneladesign.ee\/wp-content\/uploads\/2024\/09\/cropped-1-1.png","width":998,"height":1020,"caption":"Kanela"},"image":{"@id":"https:\/\/kaneladesign.ee\/#\/schema\/logo\/image\/"},"sameAs":["https:\/\/www.facebook.com\/kanelaehted","https:\/\/www.instagram.com\/kanelaehted\/"]}]}},"uagb_featured_image_src":{"full":["https:\/\/kaneladesign.ee\/wp-content\/uploads\/2024\/09\/dsc_1441-scaled.jpeg",2560,2560,false],"thumbnail":["https:\/\/kaneladesign.ee\/wp-content\/uploads\/2024\/09\/dsc_1441-150x150.jpeg",150,150,true],"medium":["https:\/\/kaneladesign.ee\/wp-content\/uploads\/2024\/09\/dsc_1441-300x300.jpeg",300,300,true],"medium_large":["https:\/\/kaneladesign.ee\/wp-content\/uploads\/2024\/09\/dsc_1441-768x768.jpeg",768,768,true],"large":["https:\/\/kaneladesign.ee\/wp-content\/uploads\/2024\/09\/dsc_1441-1024x1024.jpeg",800,800,true],"1536x1536":["https:\/\/kaneladesign.ee\/wp-content\/uploads\/2024\/09\/dsc_1441-1536x1536.jpeg",1536,1536,true],"2048x2048":["https:\/\/kaneladesign.ee\/wp-content\/uploads\/2024\/09\/dsc_1441-2048x2048.jpeg",2048,2048,true],"trp-custom-language-flag":["https:\/\/kaneladesign.ee\/wp-content\/uploads\/2024\/09\/dsc_1441-scaled.jpeg",12,12,false],"woocommerce_thumbnail":["https:\/\/kaneladesign.ee\/wp-content\/uploads\/2024\/09\/dsc_1441-300x300.jpeg",300,300,true],"woocommerce_single":["https:\/\/kaneladesign.ee\/wp-content\/uploads\/2024\/09\/dsc_1441-600x600.jpeg",600,600,true],"woocommerce_gallery_thumbnail":["https:\/\/kaneladesign.ee\/wp-content\/uploads\/2024\/09\/dsc_1441-100x100.jpeg",100,100,true]},"uagb_author_info":{"display_name":"Rimute","author_link":"https:\/\/kaneladesign.ee\/et\/author\/"},"uagb_comment_info":0,"uagb_excerpt":"925 Silver Sea Turtle Earrings with abalone shell","jetpack_sharing_enabled":true,"_links":{"self":[{"href":"https:\/\/kaneladesign.ee\/et\/wp-json\/wp\/v2\/product\/3486","targetHints":{"allow":["GET"]}}],"collection":[{"href":"https:\/\/kaneladesign.ee\/et\/wp-json\/wp\/v2\/product"}],"about":[{"href":"https:\/\/kaneladesign.ee\/et\/wp-json\/wp\/v2\/types\/product"}],"wp:featuredmedia":[{"embeddable":true,"href":"https:\/\/kaneladesign.ee\/et\/wp-json\/wp\/v2\/media\/3489"}],"wp:attachment":[{"href":"https:\/\/kaneladesign.ee\/et\/wp-json\/wp\/v2\/media?parent=3486"}],"wp:term":[{"taxonomy":"product_brand","embeddable":true,"href":"https:\/\/kaneladesign.ee\/et\/wp-json\/wp\/v2\/product_brand?post=3486"},{"taxonomy":"product_cat","embeddable":true,"href":"https:\/\/kaneladesign.ee\/et\/wp-json\/wp\/v2\/product_cat?post=3486"},{"taxonomy":"product_tag","embeddable":true,"href":"https:\/\/kaneladesign.ee\/et\/wp-json\/wp\/v2\/product_tag?post=3486"}],"curies":[{"name":"wp","href":"https:\/\/api.w.org\/{rel}","templated":true}]}}