{"id":4533,"date":"2024-10-14T15:18:04","date_gmt":"2024-10-14T15:18:04","guid":{"rendered":"https:\/\/kaneladesign.ee\/?post_type=product&#038;p=4533"},"modified":"2025-06-13T10:27:15","modified_gmt":"2025-06-13T10:27:15","slug":"taim-earrings-round-blue","status":"publish","type":"product","link":"https:\/\/kaneladesign.ee\/et\/toode\/taim-earrings-round-blue\/","title":{"rendered":"TAIM K\u00f5rvar\u00f5ngad \" Sinised \u00dcmarad \""},"content":{"rendered":"<p>* K\u00e4sitsege neid k\u00f5rvar\u00f5ngaid ettevaatlikult, kuna h\u00f5bedased postid on erakordselt \u00f5rnad ja v\u00f5ivad painduda.<\/p>\n<p>* Iga ehe on sama unikaalne kui lilled ise, seega v\u00f5ib tootefotol esineda m\u00f5ningaid erinevusi.<\/p>","protected":false},"excerpt":{"rendered":"<p>TAIM k\u00f5rvar\u00f5ngad, kus p\u00e4ris lill on klaasi sees. Nendel k\u00f5rvar\u00f5ngastel on 925 h\u00f5bedast postid.<\/p>","protected":false},"featured_media":4534,"template":"","meta":{"_uag_custom_page_level_css":""},"product_brand":[],"product_cat":[139,158,137,155],"product_tag":[182],"class_list":{"0":"post-4533","1":"product","2":"type-product","3":"status-publish","4":"has-post-thumbnail","6":"product_cat-earrings-taim","7":"product_cat-women-earrings","8":"product_cat-taim","9":"product_cat-women","10":"product_tag-blue","12":"first","13":"instock","14":"shipping-taxable","15":"purchasable","16":"product-type-simple"},"yoast_head":"<!-- This site is optimized with the Yoast SEO plugin v27.3 - https:\/\/yoast.com\/product\/yoast-seo-wordpress\/ -->\n<title>TAIM Earrings &quot; Round Blue &quot; - Kanela<\/title>\n<meta name=\"robots\" content=\"index, follow, max-snippet:-1, max-image-preview:large, max-video-preview:-1\" \/>\n<link rel=\"canonical\" href=\"https:\/\/kaneladesign.ee\/et\/toode\/taim-earrings-round-blue\/\" \/>\n<meta property=\"og:locale\" content=\"et_EE\" \/>\n<meta property=\"og:type\" content=\"article\" \/>\n<meta property=\"og:title\" content=\"TAIM Earrings &quot; Round Blue &quot; - Kanela\" \/>\n<meta property=\"og:description\" content=\"TAIM earrings, where delicate blossoms are preserved within glass. These earrings have 925 silver posts.\" \/>\n<meta property=\"og:url\" content=\"https:\/\/kaneladesign.ee\/et\/toode\/taim-earrings-round-blue\/\" \/>\n<meta property=\"og:site_name\" content=\"Kanela\" \/>\n<meta property=\"article:publisher\" content=\"https:\/\/www.facebook.com\/kanelaehted\" \/>\n<meta property=\"article:modified_time\" content=\"2025-06-13T10:27:15+00:00\" \/>\n<meta property=\"og:image\" content=\"https:\/\/kaneladesign.ee\/wp-content\/uploads\/2024\/10\/img_3086_jpg-scaled.jpeg\" \/>\n\t<meta property=\"og:image:width\" content=\"2560\" \/>\n\t<meta property=\"og:image:height\" content=\"2560\" \/>\n\t<meta property=\"og:image:type\" content=\"image\/jpeg\" \/>\n<meta name=\"twitter:card\" content=\"summary_large_image\" \/>\n<meta name=\"twitter:label1\" content=\"Est. reading time\" \/>\n\t<meta name=\"twitter:data1\" content=\"1 minut\" \/>\n<script type=\"application\/ld+json\" class=\"yoast-schema-graph\">{\"@context\":\"https:\\\/\\\/schema.org\",\"@graph\":[{\"@type\":\"WebPage\",\"@id\":\"https:\\\/\\\/kaneladesign.ee\\\/et\\\/toode\\\/taim-earrings-round-blue\\\/\",\"url\":\"https:\\\/\\\/kaneladesign.ee\\\/et\\\/toode\\\/taim-earrings-round-blue\\\/\",\"name\":\"TAIM Earrings \\\" Round Blue \\\" - Kanela\",\"isPartOf\":{\"@id\":\"https:\\\/\\\/kaneladesign.ee\\\/#website\"},\"primaryImageOfPage\":{\"@id\":\"https:\\\/\\\/kaneladesign.ee\\\/et\\\/toode\\\/taim-earrings-round-blue\\\/#primaryimage\"},\"image\":{\"@id\":\"https:\\\/\\\/kaneladesign.ee\\\/et\\\/toode\\\/taim-earrings-round-blue\\\/#primaryimage\"},\"thumbnailUrl\":\"https:\\\/\\\/kaneladesign.ee\\\/wp-content\\\/uploads\\\/2024\\\/10\\\/img_3086_jpg-scaled.jpeg\",\"datePublished\":\"2024-10-14T15:18:04+00:00\",\"dateModified\":\"2025-06-13T10:27:15+00:00\",\"breadcrumb\":{\"@id\":\"https:\\\/\\\/kaneladesign.ee\\\/et\\\/toode\\\/taim-earrings-round-blue\\\/#breadcrumb\"},\"inLanguage\":\"et\",\"potentialAction\":[{\"@type\":\"ReadAction\",\"target\":[\"https:\\\/\\\/kaneladesign.ee\\\/et\\\/toode\\\/taim-earrings-round-blue\\\/\"]}]},{\"@type\":\"ImageObject\",\"inLanguage\":\"et\",\"@id\":\"https:\\\/\\\/kaneladesign.ee\\\/et\\\/toode\\\/taim-earrings-round-blue\\\/#primaryimage\",\"url\":\"https:\\\/\\\/kaneladesign.ee\\\/wp-content\\\/uploads\\\/2024\\\/10\\\/img_3086_jpg-scaled.jpeg\",\"contentUrl\":\"https:\\\/\\\/kaneladesign.ee\\\/wp-content\\\/uploads\\\/2024\\\/10\\\/img_3086_jpg-scaled.jpeg\",\"width\":2560,\"height\":2560},{\"@type\":\"BreadcrumbList\",\"@id\":\"https:\\\/\\\/kaneladesign.ee\\\/et\\\/toode\\\/taim-earrings-round-blue\\\/#breadcrumb\",\"itemListElement\":[{\"@type\":\"ListItem\",\"position\":1,\"name\":\"Home\",\"item\":\"https:\\\/\\\/kaneladesign.ee\\\/et\\\/\"},{\"@type\":\"ListItem\",\"position\":2,\"name\":\"Shop\",\"item\":\"https:\\\/\\\/kaneladesign.ee\\\/shop\\\/\"},{\"@type\":\"ListItem\",\"position\":3,\"name\":\"TAIM Earrings &#8221; Round Blue &#8220;\"}]},{\"@type\":\"WebSite\",\"@id\":\"https:\\\/\\\/kaneladesign.ee\\\/#website\",\"url\":\"https:\\\/\\\/kaneladesign.ee\\\/\",\"name\":\"Kanela\",\"description\":\"\",\"publisher\":{\"@id\":\"https:\\\/\\\/kaneladesign.ee\\\/#organization\"},\"potentialAction\":[{\"@type\":\"SearchAction\",\"target\":{\"@type\":\"EntryPoint\",\"urlTemplate\":\"https:\\\/\\\/kaneladesign.ee\\\/?s={search_term_string}\"},\"query-input\":{\"@type\":\"PropertyValueSpecification\",\"valueRequired\":true,\"valueName\":\"search_term_string\"}}],\"inLanguage\":\"et\"},{\"@type\":\"Organization\",\"@id\":\"https:\\\/\\\/kaneladesign.ee\\\/#organization\",\"name\":\"Kanela\",\"url\":\"https:\\\/\\\/kaneladesign.ee\\\/\",\"logo\":{\"@type\":\"ImageObject\",\"inLanguage\":\"et\",\"@id\":\"https:\\\/\\\/kaneladesign.ee\\\/#\\\/schema\\\/logo\\\/image\\\/\",\"url\":\"https:\\\/\\\/kaneladesign.ee\\\/wp-content\\\/uploads\\\/2024\\\/09\\\/cropped-1-1.png\",\"contentUrl\":\"https:\\\/\\\/kaneladesign.ee\\\/wp-content\\\/uploads\\\/2024\\\/09\\\/cropped-1-1.png\",\"width\":998,\"height\":1020,\"caption\":\"Kanela\"},\"image\":{\"@id\":\"https:\\\/\\\/kaneladesign.ee\\\/#\\\/schema\\\/logo\\\/image\\\/\"},\"sameAs\":[\"https:\\\/\\\/www.facebook.com\\\/kanelaehted\",\"https:\\\/\\\/www.instagram.com\\\/kanelaehted\\\/\"]}]}<\/script>\n<!-- \/ Yoast SEO plugin. -->","yoast_head_json":{"title":"TAIM Earrings \" Round Blue \" - Kanela","robots":{"index":"index","follow":"follow","max-snippet":"max-snippet:-1","max-image-preview":"max-image-preview:large","max-video-preview":"max-video-preview:-1"},"canonical":"https:\/\/kaneladesign.ee\/et\/toode\/taim-earrings-round-blue\/","og_locale":"et_EE","og_type":"article","og_title":"TAIM Earrings \" Round Blue \" - Kanela","og_description":"TAIM earrings, where delicate blossoms are preserved within glass. These earrings have 925 silver posts.","og_url":"https:\/\/kaneladesign.ee\/et\/toode\/taim-earrings-round-blue\/","og_site_name":"Kanela","article_publisher":"https:\/\/www.facebook.com\/kanelaehted","article_modified_time":"2025-06-13T10:27:15+00:00","og_image":[{"width":2560,"height":2560,"url":"https:\/\/kaneladesign.ee\/wp-content\/uploads\/2024\/10\/img_3086_jpg-scaled.jpeg","type":"image\/jpeg"}],"twitter_card":"summary_large_image","twitter_misc":{"Est. reading time":"1 minut"},"schema":{"@context":"https:\/\/schema.org","@graph":[{"@type":"WebPage","@id":"https:\/\/kaneladesign.ee\/et\/toode\/taim-earrings-round-blue\/","url":"https:\/\/kaneladesign.ee\/et\/toode\/taim-earrings-round-blue\/","name":"TAIM Earrings \" Round Blue \" - Kanela","isPartOf":{"@id":"https:\/\/kaneladesign.ee\/#website"},"primaryImageOfPage":{"@id":"https:\/\/kaneladesign.ee\/et\/toode\/taim-earrings-round-blue\/#primaryimage"},"image":{"@id":"https:\/\/kaneladesign.ee\/et\/toode\/taim-earrings-round-blue\/#primaryimage"},"thumbnailUrl":"https:\/\/kaneladesign.ee\/wp-content\/uploads\/2024\/10\/img_3086_jpg-scaled.jpeg","datePublished":"2024-10-14T15:18:04+00:00","dateModified":"2025-06-13T10:27:15+00:00","breadcrumb":{"@id":"https:\/\/kaneladesign.ee\/et\/toode\/taim-earrings-round-blue\/#breadcrumb"},"inLanguage":"et","potentialAction":[{"@type":"ReadAction","target":["https:\/\/kaneladesign.ee\/et\/toode\/taim-earrings-round-blue\/"]}]},{"@type":"ImageObject","inLanguage":"et","@id":"https:\/\/kaneladesign.ee\/et\/toode\/taim-earrings-round-blue\/#primaryimage","url":"https:\/\/kaneladesign.ee\/wp-content\/uploads\/2024\/10\/img_3086_jpg-scaled.jpeg","contentUrl":"https:\/\/kaneladesign.ee\/wp-content\/uploads\/2024\/10\/img_3086_jpg-scaled.jpeg","width":2560,"height":2560},{"@type":"BreadcrumbList","@id":"https:\/\/kaneladesign.ee\/et\/toode\/taim-earrings-round-blue\/#breadcrumb","itemListElement":[{"@type":"ListItem","position":1,"name":"Home","item":"https:\/\/kaneladesign.ee\/et\/"},{"@type":"ListItem","position":2,"name":"Shop","item":"https:\/\/kaneladesign.ee\/shop\/"},{"@type":"ListItem","position":3,"name":"TAIM Earrings &#8221; Round Blue &#8220;"}]},{"@type":"WebSite","@id":"https:\/\/kaneladesign.ee\/#website","url":"https:\/\/kaneladesign.ee\/","name":"Kanela","description":"","publisher":{"@id":"https:\/\/kaneladesign.ee\/#organization"},"potentialAction":[{"@type":"SearchAction","target":{"@type":"EntryPoint","urlTemplate":"https:\/\/kaneladesign.ee\/?s={search_term_string}"},"query-input":{"@type":"PropertyValueSpecification","valueRequired":true,"valueName":"search_term_string"}}],"inLanguage":"et"},{"@type":"Organization","@id":"https:\/\/kaneladesign.ee\/#organization","name":"Kanela","url":"https:\/\/kaneladesign.ee\/","logo":{"@type":"ImageObject","inLanguage":"et","@id":"https:\/\/kaneladesign.ee\/#\/schema\/logo\/image\/","url":"https:\/\/kaneladesign.ee\/wp-content\/uploads\/2024\/09\/cropped-1-1.png","contentUrl":"https:\/\/kaneladesign.ee\/wp-content\/uploads\/2024\/09\/cropped-1-1.png","width":998,"height":1020,"caption":"Kanela"},"image":{"@id":"https:\/\/kaneladesign.ee\/#\/schema\/logo\/image\/"},"sameAs":["https:\/\/www.facebook.com\/kanelaehted","https:\/\/www.instagram.com\/kanelaehted\/"]}]}},"uagb_featured_image_src":{"full":["https:\/\/kaneladesign.ee\/wp-content\/uploads\/2024\/10\/img_3086_jpg-scaled.jpeg",2560,2560,false],"thumbnail":["https:\/\/kaneladesign.ee\/wp-content\/uploads\/2024\/10\/img_3086_jpg-150x150.jpeg",150,150,true],"medium":["https:\/\/kaneladesign.ee\/wp-content\/uploads\/2024\/10\/img_3086_jpg-300x300.jpeg",300,300,true],"medium_large":["https:\/\/kaneladesign.ee\/wp-content\/uploads\/2024\/10\/img_3086_jpg-768x768.jpeg",768,768,true],"large":["https:\/\/kaneladesign.ee\/wp-content\/uploads\/2024\/10\/img_3086_jpg-1024x1024.jpeg",800,800,true],"1536x1536":["https:\/\/kaneladesign.ee\/wp-content\/uploads\/2024\/10\/img_3086_jpg-1536x1536.jpeg",1536,1536,true],"2048x2048":["https:\/\/kaneladesign.ee\/wp-content\/uploads\/2024\/10\/img_3086_jpg-2048x2048.jpeg",2048,2048,true],"trp-custom-language-flag":["https:\/\/kaneladesign.ee\/wp-content\/uploads\/2024\/10\/img_3086_jpg-12x12.jpeg",12,12,true],"woocommerce_thumbnail":["https:\/\/kaneladesign.ee\/wp-content\/uploads\/2024\/10\/img_3086_jpg-300x300.jpeg",300,300,true],"woocommerce_single":["https:\/\/kaneladesign.ee\/wp-content\/uploads\/2024\/10\/img_3086_jpg-600x600.jpeg",600,600,true],"woocommerce_gallery_thumbnail":["https:\/\/kaneladesign.ee\/wp-content\/uploads\/2024\/10\/img_3086_jpg-100x100.jpeg",100,100,true]},"uagb_author_info":{"display_name":"Rimute","author_link":"https:\/\/kaneladesign.ee\/et\/author\/"},"uagb_comment_info":0,"uagb_excerpt":"TAIM earrings, where delicate blossoms are preserved within glass. These earrings have 925 silver posts.","jetpack_sharing_enabled":true,"_links":{"self":[{"href":"https:\/\/kaneladesign.ee\/et\/wp-json\/wp\/v2\/product\/4533","targetHints":{"allow":["GET"]}}],"collection":[{"href":"https:\/\/kaneladesign.ee\/et\/wp-json\/wp\/v2\/product"}],"about":[{"href":"https:\/\/kaneladesign.ee\/et\/wp-json\/wp\/v2\/types\/product"}],"wp:featuredmedia":[{"embeddable":true,"href":"https:\/\/kaneladesign.ee\/et\/wp-json\/wp\/v2\/media\/4534"}],"wp:attachment":[{"href":"https:\/\/kaneladesign.ee\/et\/wp-json\/wp\/v2\/media?parent=4533"}],"wp:term":[{"taxonomy":"product_brand","embeddable":true,"href":"https:\/\/kaneladesign.ee\/et\/wp-json\/wp\/v2\/product_brand?post=4533"},{"taxonomy":"product_cat","embeddable":true,"href":"https:\/\/kaneladesign.ee\/et\/wp-json\/wp\/v2\/product_cat?post=4533"},{"taxonomy":"product_tag","embeddable":true,"href":"https:\/\/kaneladesign.ee\/et\/wp-json\/wp\/v2\/product_tag?post=4533"}],"curies":[{"name":"wp","href":"https:\/\/api.w.org\/{rel}","templated":true}]}}