{"id":4680,"date":"2024-10-17T18:50:54","date_gmt":"2024-10-17T18:50:54","guid":{"rendered":"https:\/\/kaneladesign.ee\/et\/?post_type=product&#038;p=4680"},"modified":"2025-05-30T15:07:23","modified_gmt":"2025-05-30T15:07:23","slug":"taim-leather-bracelet-white","status":"publish","type":"product","link":"https:\/\/kaneladesign.ee\/et\/toode\/taim-leather-bracelet-white\/","title":{"rendered":"TAIM Nahast K\u00e4ev\u00f5ru \"Valge\""},"content":{"rendered":"<p>* Iga ehe on sama unikaalne kui lilled ise, seega v\u00f5ib tootefotol esineda m\u00f5ningaid erinevusi.<\/p>","protected":false},"excerpt":{"rendered":"<p><strong>TAIM K\u00e4ev\u00f5ru<\/strong> on kaunis aksessuaar, kus klaasi sees on s\u00e4ilitatud \u00f5rnad \u00f5ied. Roostevabast terasest valmistatud k\u00e4ev\u00f5ru ei kulu ja p\u00fcsib kaua kaunina. Sobib ka tundlikule nahale, mist\u00f5ttu on see ideaalne igap\u00e4evaseks kandmiseks.<\/p>\n<p>Eesti K\u00e4sit\u00f6\u00f6<\/p>","protected":false},"featured_media":4681,"template":"","meta":{"_uag_custom_page_level_css":""},"product_brand":[],"product_cat":[138,159,137,155],"product_tag":[188],"class_list":{"0":"post-4680","1":"product","2":"type-product","3":"status-publish","4":"has-post-thumbnail","6":"product_cat-bracelets","7":"product_cat-women-bracelets","8":"product_cat-taim","9":"product_cat-women","10":"product_tag-white","12":"first","13":"outofstock","14":"featured","15":"shipping-taxable","16":"purchasable","17":"product-type-simple"},"yoast_head":"<!-- This site is optimized with the Yoast SEO plugin v27.4 - https:\/\/yoast.com\/product\/yoast-seo-wordpress\/ -->\n<title>TAIM Leather Bracelet &quot;White\u201d - Kanela<\/title>\n<meta name=\"description\" content=\"TAIM valge nahast k\u00e4ev\u00f5ru - Eesti disaineri k\u00e4sit\u00f6\u00f6na valminud ehe kvaliteetsest nahast ja terasest. Iga k\u00e4ev\u00f5ru sees on p\u00e4ris kuivatatud lill. \u20ac24.00.\" \/>\n<meta name=\"robots\" content=\"index, follow, max-snippet:-1, max-image-preview:large, max-video-preview:-1\" \/>\n<link rel=\"canonical\" href=\"https:\/\/kaneladesign.ee\/et\/toode\/taim-leather-bracelet-white\/\" \/>\n<meta property=\"og:locale\" content=\"et_EE\" \/>\n<meta property=\"og:type\" content=\"article\" \/>\n<meta property=\"og:title\" content=\"TAIM Leather Bracelet &quot;White\u201d - Kanela\" \/>\n<meta property=\"og:description\" content=\"TAIM valge nahast k\u00e4ev\u00f5ru - Eesti disaineri k\u00e4sit\u00f6\u00f6na valminud ehe kvaliteetsest nahast ja terasest. Iga k\u00e4ev\u00f5ru sees on p\u00e4ris kuivatatud lill. \u20ac24.00.\" \/>\n<meta property=\"og:url\" content=\"https:\/\/kaneladesign.ee\/et\/toode\/taim-leather-bracelet-white\/\" \/>\n<meta property=\"og:site_name\" content=\"Kanela\" \/>\n<meta property=\"article:publisher\" content=\"https:\/\/www.facebook.com\/kanelaehted\" \/>\n<meta property=\"article:modified_time\" content=\"2025-05-30T15:07:23+00:00\" \/>\n<meta property=\"og:image\" content=\"https:\/\/kaneladesign.ee\/wp-content\/uploads\/2024\/10\/dsc_0643.jpeg\" \/>\n\t<meta property=\"og:image:width\" content=\"1080\" \/>\n\t<meta property=\"og:image:height\" content=\"1620\" \/>\n\t<meta property=\"og:image:type\" content=\"image\/jpeg\" \/>\n<meta name=\"twitter:card\" content=\"summary_large_image\" \/>\n<meta name=\"twitter:label1\" content=\"Est. reading time\" \/>\n\t<meta name=\"twitter:data1\" content=\"1 minut\" \/>\n<script type=\"application\/ld+json\" class=\"yoast-schema-graph\">{\"@context\":\"https:\\\/\\\/schema.org\",\"@graph\":[{\"@type\":\"WebPage\",\"@id\":\"https:\\\/\\\/kaneladesign.ee\\\/et\\\/toode\\\/taim-leather-bracelet-white\\\/\",\"url\":\"https:\\\/\\\/kaneladesign.ee\\\/et\\\/toode\\\/taim-leather-bracelet-white\\\/\",\"name\":\"TAIM Leather Bracelet \\\"White\u201d - Kanela\",\"isPartOf\":{\"@id\":\"https:\\\/\\\/kaneladesign.ee\\\/#website\"},\"primaryImageOfPage\":{\"@id\":\"https:\\\/\\\/kaneladesign.ee\\\/et\\\/toode\\\/taim-leather-bracelet-white\\\/#primaryimage\"},\"image\":{\"@id\":\"https:\\\/\\\/kaneladesign.ee\\\/et\\\/toode\\\/taim-leather-bracelet-white\\\/#primaryimage\"},\"thumbnailUrl\":\"https:\\\/\\\/kaneladesign.ee\\\/wp-content\\\/uploads\\\/2024\\\/10\\\/dsc_0643.jpeg\",\"datePublished\":\"2024-10-17T18:50:54+00:00\",\"dateModified\":\"2025-05-30T15:07:23+00:00\",\"description\":\"TAIM valge nahast k\u00e4ev\u00f5ru - Eesti disaineri k\u00e4sit\u00f6\u00f6na valminud ehe kvaliteetsest nahast ja terasest. Iga k\u00e4ev\u00f5ru sees on p\u00e4ris kuivatatud lill. \u20ac24.00.\",\"breadcrumb\":{\"@id\":\"https:\\\/\\\/kaneladesign.ee\\\/et\\\/toode\\\/taim-leather-bracelet-white\\\/#breadcrumb\"},\"inLanguage\":\"et\",\"potentialAction\":[{\"@type\":\"ReadAction\",\"target\":[\"https:\\\/\\\/kaneladesign.ee\\\/et\\\/toode\\\/taim-leather-bracelet-white\\\/\"]}]},{\"@type\":\"ImageObject\",\"inLanguage\":\"et\",\"@id\":\"https:\\\/\\\/kaneladesign.ee\\\/et\\\/toode\\\/taim-leather-bracelet-white\\\/#primaryimage\",\"url\":\"https:\\\/\\\/kaneladesign.ee\\\/wp-content\\\/uploads\\\/2024\\\/10\\\/dsc_0643.jpeg\",\"contentUrl\":\"https:\\\/\\\/kaneladesign.ee\\\/wp-content\\\/uploads\\\/2024\\\/10\\\/dsc_0643.jpeg\",\"width\":1080,\"height\":1620},{\"@type\":\"BreadcrumbList\",\"@id\":\"https:\\\/\\\/kaneladesign.ee\\\/et\\\/toode\\\/taim-leather-bracelet-white\\\/#breadcrumb\",\"itemListElement\":[{\"@type\":\"ListItem\",\"position\":1,\"name\":\"Home\",\"item\":\"https:\\\/\\\/kaneladesign.ee\\\/et\\\/\"},{\"@type\":\"ListItem\",\"position\":2,\"name\":\"Shop\",\"item\":\"https:\\\/\\\/kaneladesign.ee\\\/shop\\\/\"},{\"@type\":\"ListItem\",\"position\":3,\"name\":\"TAIM Leather Bracelet &#8220;White\u201d\"}]},{\"@type\":\"WebSite\",\"@id\":\"https:\\\/\\\/kaneladesign.ee\\\/#website\",\"url\":\"https:\\\/\\\/kaneladesign.ee\\\/\",\"name\":\"Kanela\",\"description\":\"\",\"publisher\":{\"@id\":\"https:\\\/\\\/kaneladesign.ee\\\/#organization\"},\"potentialAction\":[{\"@type\":\"SearchAction\",\"target\":{\"@type\":\"EntryPoint\",\"urlTemplate\":\"https:\\\/\\\/kaneladesign.ee\\\/?s={search_term_string}\"},\"query-input\":{\"@type\":\"PropertyValueSpecification\",\"valueRequired\":true,\"valueName\":\"search_term_string\"}}],\"inLanguage\":\"et\"},{\"@type\":\"Organization\",\"@id\":\"https:\\\/\\\/kaneladesign.ee\\\/#organization\",\"name\":\"Kanela\",\"url\":\"https:\\\/\\\/kaneladesign.ee\\\/\",\"logo\":{\"@type\":\"ImageObject\",\"inLanguage\":\"et\",\"@id\":\"https:\\\/\\\/kaneladesign.ee\\\/#\\\/schema\\\/logo\\\/image\\\/\",\"url\":\"https:\\\/\\\/kaneladesign.ee\\\/wp-content\\\/uploads\\\/2024\\\/09\\\/cropped-1-1.png\",\"contentUrl\":\"https:\\\/\\\/kaneladesign.ee\\\/wp-content\\\/uploads\\\/2024\\\/09\\\/cropped-1-1.png\",\"width\":998,\"height\":1020,\"caption\":\"Kanela\"},\"image\":{\"@id\":\"https:\\\/\\\/kaneladesign.ee\\\/#\\\/schema\\\/logo\\\/image\\\/\"},\"sameAs\":[\"https:\\\/\\\/www.facebook.com\\\/kanelaehted\",\"https:\\\/\\\/www.instagram.com\\\/kanelaehted\\\/\"]}]}<\/script>\n<!-- \/ Yoast SEO plugin. -->","yoast_head_json":{"title":"TAIM Leather Bracelet \"White\u201d - Kanela","description":"TAIM valge nahast k\u00e4ev\u00f5ru - Eesti disaineri k\u00e4sit\u00f6\u00f6na valminud ehe kvaliteetsest nahast ja terasest. Iga k\u00e4ev\u00f5ru sees on p\u00e4ris kuivatatud lill. \u20ac24.00.","robots":{"index":"index","follow":"follow","max-snippet":"max-snippet:-1","max-image-preview":"max-image-preview:large","max-video-preview":"max-video-preview:-1"},"canonical":"https:\/\/kaneladesign.ee\/et\/toode\/taim-leather-bracelet-white\/","og_locale":"et_EE","og_type":"article","og_title":"TAIM Leather Bracelet \"White\u201d - Kanela","og_description":"TAIM valge nahast k\u00e4ev\u00f5ru - Eesti disaineri k\u00e4sit\u00f6\u00f6na valminud ehe kvaliteetsest nahast ja terasest. Iga k\u00e4ev\u00f5ru sees on p\u00e4ris kuivatatud lill. \u20ac24.00.","og_url":"https:\/\/kaneladesign.ee\/et\/toode\/taim-leather-bracelet-white\/","og_site_name":"Kanela","article_publisher":"https:\/\/www.facebook.com\/kanelaehted","article_modified_time":"2025-05-30T15:07:23+00:00","og_image":[{"width":1080,"height":1620,"url":"https:\/\/kaneladesign.ee\/wp-content\/uploads\/2024\/10\/dsc_0643.jpeg","type":"image\/jpeg"}],"twitter_card":"summary_large_image","twitter_misc":{"Est. reading time":"1 minut"},"schema":{"@context":"https:\/\/schema.org","@graph":[{"@type":"WebPage","@id":"https:\/\/kaneladesign.ee\/et\/toode\/taim-leather-bracelet-white\/","url":"https:\/\/kaneladesign.ee\/et\/toode\/taim-leather-bracelet-white\/","name":"TAIM Leather Bracelet \"White\u201d - Kanela","isPartOf":{"@id":"https:\/\/kaneladesign.ee\/#website"},"primaryImageOfPage":{"@id":"https:\/\/kaneladesign.ee\/et\/toode\/taim-leather-bracelet-white\/#primaryimage"},"image":{"@id":"https:\/\/kaneladesign.ee\/et\/toode\/taim-leather-bracelet-white\/#primaryimage"},"thumbnailUrl":"https:\/\/kaneladesign.ee\/wp-content\/uploads\/2024\/10\/dsc_0643.jpeg","datePublished":"2024-10-17T18:50:54+00:00","dateModified":"2025-05-30T15:07:23+00:00","description":"TAIM valge nahast k\u00e4ev\u00f5ru - Eesti disaineri k\u00e4sit\u00f6\u00f6na valminud ehe kvaliteetsest nahast ja terasest. Iga k\u00e4ev\u00f5ru sees on p\u00e4ris kuivatatud lill. \u20ac24.00.","breadcrumb":{"@id":"https:\/\/kaneladesign.ee\/et\/toode\/taim-leather-bracelet-white\/#breadcrumb"},"inLanguage":"et","potentialAction":[{"@type":"ReadAction","target":["https:\/\/kaneladesign.ee\/et\/toode\/taim-leather-bracelet-white\/"]}]},{"@type":"ImageObject","inLanguage":"et","@id":"https:\/\/kaneladesign.ee\/et\/toode\/taim-leather-bracelet-white\/#primaryimage","url":"https:\/\/kaneladesign.ee\/wp-content\/uploads\/2024\/10\/dsc_0643.jpeg","contentUrl":"https:\/\/kaneladesign.ee\/wp-content\/uploads\/2024\/10\/dsc_0643.jpeg","width":1080,"height":1620},{"@type":"BreadcrumbList","@id":"https:\/\/kaneladesign.ee\/et\/toode\/taim-leather-bracelet-white\/#breadcrumb","itemListElement":[{"@type":"ListItem","position":1,"name":"Home","item":"https:\/\/kaneladesign.ee\/et\/"},{"@type":"ListItem","position":2,"name":"Shop","item":"https:\/\/kaneladesign.ee\/shop\/"},{"@type":"ListItem","position":3,"name":"TAIM Leather Bracelet &#8220;White\u201d"}]},{"@type":"WebSite","@id":"https:\/\/kaneladesign.ee\/#website","url":"https:\/\/kaneladesign.ee\/","name":"Kanela","description":"","publisher":{"@id":"https:\/\/kaneladesign.ee\/#organization"},"potentialAction":[{"@type":"SearchAction","target":{"@type":"EntryPoint","urlTemplate":"https:\/\/kaneladesign.ee\/?s={search_term_string}"},"query-input":{"@type":"PropertyValueSpecification","valueRequired":true,"valueName":"search_term_string"}}],"inLanguage":"et"},{"@type":"Organization","@id":"https:\/\/kaneladesign.ee\/#organization","name":"Kanela","url":"https:\/\/kaneladesign.ee\/","logo":{"@type":"ImageObject","inLanguage":"et","@id":"https:\/\/kaneladesign.ee\/#\/schema\/logo\/image\/","url":"https:\/\/kaneladesign.ee\/wp-content\/uploads\/2024\/09\/cropped-1-1.png","contentUrl":"https:\/\/kaneladesign.ee\/wp-content\/uploads\/2024\/09\/cropped-1-1.png","width":998,"height":1020,"caption":"Kanela"},"image":{"@id":"https:\/\/kaneladesign.ee\/#\/schema\/logo\/image\/"},"sameAs":["https:\/\/www.facebook.com\/kanelaehted","https:\/\/www.instagram.com\/kanelaehted\/"]}]}},"uagb_featured_image_src":{"full":["https:\/\/kaneladesign.ee\/wp-content\/uploads\/2024\/10\/dsc_0643.jpeg",1080,1620,false],"thumbnail":["https:\/\/kaneladesign.ee\/wp-content\/uploads\/2024\/10\/dsc_0643-150x150.jpeg",150,150,true],"medium":["https:\/\/kaneladesign.ee\/wp-content\/uploads\/2024\/10\/dsc_0643-200x300.jpeg",200,300,true],"medium_large":["https:\/\/kaneladesign.ee\/wp-content\/uploads\/2024\/10\/dsc_0643-768x1152.jpeg",768,1152,true],"large":["https:\/\/kaneladesign.ee\/wp-content\/uploads\/2024\/10\/dsc_0643-683x1024.jpeg",683,1024,true],"1536x1536":["https:\/\/kaneladesign.ee\/wp-content\/uploads\/2024\/10\/dsc_0643-1024x1536.jpeg",1024,1536,true],"2048x2048":["https:\/\/kaneladesign.ee\/wp-content\/uploads\/2024\/10\/dsc_0643.jpeg",1080,1620,false],"trp-custom-language-flag":["https:\/\/kaneladesign.ee\/wp-content\/uploads\/2024\/10\/dsc_0643-8x12.jpeg",8,12,true],"woocommerce_thumbnail":["https:\/\/kaneladesign.ee\/wp-content\/uploads\/2024\/10\/dsc_0643-300x300.jpeg",300,300,true],"woocommerce_single":["https:\/\/kaneladesign.ee\/wp-content\/uploads\/2024\/10\/dsc_0643-600x900.jpeg",600,900,true],"woocommerce_gallery_thumbnail":["https:\/\/kaneladesign.ee\/wp-content\/uploads\/2024\/10\/dsc_0643-100x100.jpeg",100,100,true]},"uagb_author_info":{"display_name":"Rimute","author_link":"https:\/\/kaneladesign.ee\/et\/author\/"},"uagb_comment_info":0,"uagb_excerpt":"TAIM K\u00e4ev\u00f5ru on kaunis aksessuaar, kus klaasi sees on s\u00e4ilitatud \u00f5rnad \u00f5ied. Roostevabast terasest valmistatud k\u00e4ev\u00f5ru ei kulu ja p\u00fcsib kaua kaunina. Sobib ka tundlikule nahale, mist\u00f5ttu on see ideaalne igap\u00e4evaseks kandmiseks. Eesti K\u00e4sit\u00f6\u00f6","jetpack_sharing_enabled":true,"_links":{"self":[{"href":"https:\/\/kaneladesign.ee\/et\/wp-json\/wp\/v2\/product\/4680","targetHints":{"allow":["GET"]}}],"collection":[{"href":"https:\/\/kaneladesign.ee\/et\/wp-json\/wp\/v2\/product"}],"about":[{"href":"https:\/\/kaneladesign.ee\/et\/wp-json\/wp\/v2\/types\/product"}],"wp:featuredmedia":[{"embeddable":true,"href":"https:\/\/kaneladesign.ee\/et\/wp-json\/wp\/v2\/media\/4681"}],"wp:attachment":[{"href":"https:\/\/kaneladesign.ee\/et\/wp-json\/wp\/v2\/media?parent=4680"}],"wp:term":[{"taxonomy":"product_brand","embeddable":true,"href":"https:\/\/kaneladesign.ee\/et\/wp-json\/wp\/v2\/product_brand?post=4680"},{"taxonomy":"product_cat","embeddable":true,"href":"https:\/\/kaneladesign.ee\/et\/wp-json\/wp\/v2\/product_cat?post=4680"},{"taxonomy":"product_tag","embeddable":true,"href":"https:\/\/kaneladesign.ee\/et\/wp-json\/wp\/v2\/product_tag?post=4680"}],"curies":[{"name":"wp","href":"https:\/\/api.w.org\/{rel}","templated":true}]}}