{"id":5621,"date":"2025-06-05T14:43:38","date_gmt":"2025-06-05T14:43:38","guid":{"rendered":"https:\/\/kaneladesign.ee\/?post_type=product&#038;p=5621"},"modified":"2025-06-05T14:46:31","modified_gmt":"2025-06-05T14:46:31","slug":"taim-silver-steel-necklace-pink","status":"publish","type":"product","link":"https:\/\/kaneladesign.ee\/et\/toode\/taim-silver-steel-necklace-pink\/","title":{"rendered":"TAIM Silver Steel Necklace \u201cPink\u201d"},"content":{"rendered":"<p>* Iga ehe on sama unikaalne kui lilled ise, seega v\u00f5ib tootefotol esineda m\u00f5ningaid erinevusi.<\/p>","protected":false},"excerpt":{"rendered":"<p><strong>TAIM Kaelakee<\/strong> on kaunis aksessuaar, kus klaasi sees on s\u00e4ilitatud \u00f5rnad \u00f5ied. Roostevabast terasest valmistatud kee ei kulu ja p\u00fcsib kaua kaunina. Sobib ka tundlikule nahale, mist\u00f5ttu on see ideaalne igap\u00e4evaseks kandmiseks.<\/p>","protected":false},"featured_media":5564,"template":"","meta":{"_uag_custom_page_level_css":""},"product_brand":[170],"product_cat":[161,140,137,155],"product_tag":[185,177],"class_list":{"0":"post-5621","1":"product","2":"type-product","3":"status-publish","4":"has-post-thumbnail","6":"product_brand-taim","7":"product_cat-necklaces-women","8":"product_cat-necklaces","9":"product_cat-taim","10":"product_cat-women","11":"product_tag-pink","12":"product_tag-silver","14":"first","15":"instock","16":"shipping-taxable","17":"purchasable","18":"product-type-simple"},"yoast_head":"<!-- This site is optimized with the Yoast SEO plugin v27.3 - https:\/\/yoast.com\/product\/yoast-seo-wordpress\/ -->\n<title>TAIM Silver Steel Necklace \u201cPink\u201d - Kanela<\/title>\n<meta name=\"description\" content=\"TAIM kee - Roostevabast terasest valmistatud ehe, mille klaasi sees on s\u00e4ilitatud \u00f5rnad \u00f5ied. Tundlikule nahale sobiv, p\u00fcsiv ja kaunis. \u20ac24.00.\" \/>\n<meta name=\"robots\" content=\"index, follow, max-snippet:-1, max-image-preview:large, max-video-preview:-1\" \/>\n<link rel=\"canonical\" href=\"https:\/\/kaneladesign.ee\/et\/toode\/taim-silver-steel-necklace-pink\/\" \/>\n<meta property=\"og:locale\" content=\"et_EE\" \/>\n<meta property=\"og:type\" content=\"article\" \/>\n<meta property=\"og:title\" content=\"TAIM Silver Steel Necklace \u201cPink\u201d - Kanela\" \/>\n<meta property=\"og:description\" content=\"TAIM kee - Roostevabast terasest valmistatud ehe, mille klaasi sees on s\u00e4ilitatud \u00f5rnad \u00f5ied. Tundlikule nahale sobiv, p\u00fcsiv ja kaunis. \u20ac24.00.\" \/>\n<meta property=\"og:url\" content=\"https:\/\/kaneladesign.ee\/et\/toode\/taim-silver-steel-necklace-pink\/\" \/>\n<meta property=\"og:site_name\" content=\"Kanela\" \/>\n<meta property=\"article:publisher\" content=\"https:\/\/www.facebook.com\/kanelaehted\" \/>\n<meta property=\"article:modified_time\" content=\"2025-06-05T14:46:31+00:00\" \/>\n<meta property=\"og:image\" content=\"https:\/\/kaneladesign.ee\/wp-content\/uploads\/2025\/06\/DSC_3519-scaled.jpg\" \/>\n\t<meta property=\"og:image:width\" content=\"2560\" \/>\n\t<meta property=\"og:image:height\" content=\"2560\" \/>\n\t<meta property=\"og:image:type\" content=\"image\/jpeg\" \/>\n<meta name=\"twitter:card\" content=\"summary_large_image\" \/>\n<meta name=\"twitter:label1\" content=\"Est. reading time\" \/>\n\t<meta name=\"twitter:data1\" content=\"1 minut\" \/>\n<script type=\"application\/ld+json\" class=\"yoast-schema-graph\">{\"@context\":\"https:\\\/\\\/schema.org\",\"@graph\":[{\"@type\":\"WebPage\",\"@id\":\"https:\\\/\\\/kaneladesign.ee\\\/toode\\\/taim-silver-steel-necklace-pink\\\/\",\"url\":\"https:\\\/\\\/kaneladesign.ee\\\/toode\\\/taim-silver-steel-necklace-pink\\\/\",\"name\":\"TAIM Silver Steel Necklace \u201cPink\u201d - Kanela\",\"isPartOf\":{\"@id\":\"https:\\\/\\\/kaneladesign.ee\\\/#website\"},\"primaryImageOfPage\":{\"@id\":\"https:\\\/\\\/kaneladesign.ee\\\/toode\\\/taim-silver-steel-necklace-pink\\\/#primaryimage\"},\"image\":{\"@id\":\"https:\\\/\\\/kaneladesign.ee\\\/toode\\\/taim-silver-steel-necklace-pink\\\/#primaryimage\"},\"thumbnailUrl\":\"https:\\\/\\\/kaneladesign.ee\\\/wp-content\\\/uploads\\\/2025\\\/06\\\/DSC_3519-scaled.jpg\",\"datePublished\":\"2025-06-05T14:43:38+00:00\",\"dateModified\":\"2025-06-05T14:46:31+00:00\",\"description\":\"TAIM kee - Roostevabast terasest valmistatud ehe, mille klaasi sees on s\u00e4ilitatud \u00f5rnad \u00f5ied. Tundlikule nahale sobiv, p\u00fcsiv ja kaunis. \u20ac24.00.\",\"breadcrumb\":{\"@id\":\"https:\\\/\\\/kaneladesign.ee\\\/toode\\\/taim-silver-steel-necklace-pink\\\/#breadcrumb\"},\"inLanguage\":\"et\",\"potentialAction\":[{\"@type\":\"ReadAction\",\"target\":[\"https:\\\/\\\/kaneladesign.ee\\\/toode\\\/taim-silver-steel-necklace-pink\\\/\"]}]},{\"@type\":\"ImageObject\",\"inLanguage\":\"et\",\"@id\":\"https:\\\/\\\/kaneladesign.ee\\\/toode\\\/taim-silver-steel-necklace-pink\\\/#primaryimage\",\"url\":\"https:\\\/\\\/kaneladesign.ee\\\/wp-content\\\/uploads\\\/2025\\\/06\\\/DSC_3519-scaled.jpg\",\"contentUrl\":\"https:\\\/\\\/kaneladesign.ee\\\/wp-content\\\/uploads\\\/2025\\\/06\\\/DSC_3519-scaled.jpg\",\"width\":2560,\"height\":2560},{\"@type\":\"BreadcrumbList\",\"@id\":\"https:\\\/\\\/kaneladesign.ee\\\/toode\\\/taim-silver-steel-necklace-pink\\\/#breadcrumb\",\"itemListElement\":[{\"@type\":\"ListItem\",\"position\":1,\"name\":\"Home\",\"item\":\"https:\\\/\\\/kaneladesign.ee\\\/et\\\/\"},{\"@type\":\"ListItem\",\"position\":2,\"name\":\"Shop\",\"item\":\"https:\\\/\\\/kaneladesign.ee\\\/shop\\\/\"},{\"@type\":\"ListItem\",\"position\":3,\"name\":\"TAIM Silver Steel Necklace \u201cPink\u201d\"}]},{\"@type\":\"WebSite\",\"@id\":\"https:\\\/\\\/kaneladesign.ee\\\/#website\",\"url\":\"https:\\\/\\\/kaneladesign.ee\\\/\",\"name\":\"Kanela\",\"description\":\"\",\"publisher\":{\"@id\":\"https:\\\/\\\/kaneladesign.ee\\\/#organization\"},\"potentialAction\":[{\"@type\":\"SearchAction\",\"target\":{\"@type\":\"EntryPoint\",\"urlTemplate\":\"https:\\\/\\\/kaneladesign.ee\\\/?s={search_term_string}\"},\"query-input\":{\"@type\":\"PropertyValueSpecification\",\"valueRequired\":true,\"valueName\":\"search_term_string\"}}],\"inLanguage\":\"et\"},{\"@type\":\"Organization\",\"@id\":\"https:\\\/\\\/kaneladesign.ee\\\/#organization\",\"name\":\"Kanela\",\"url\":\"https:\\\/\\\/kaneladesign.ee\\\/\",\"logo\":{\"@type\":\"ImageObject\",\"inLanguage\":\"et\",\"@id\":\"https:\\\/\\\/kaneladesign.ee\\\/#\\\/schema\\\/logo\\\/image\\\/\",\"url\":\"https:\\\/\\\/kaneladesign.ee\\\/wp-content\\\/uploads\\\/2024\\\/09\\\/cropped-1-1.png\",\"contentUrl\":\"https:\\\/\\\/kaneladesign.ee\\\/wp-content\\\/uploads\\\/2024\\\/09\\\/cropped-1-1.png\",\"width\":998,\"height\":1020,\"caption\":\"Kanela\"},\"image\":{\"@id\":\"https:\\\/\\\/kaneladesign.ee\\\/#\\\/schema\\\/logo\\\/image\\\/\"},\"sameAs\":[\"https:\\\/\\\/www.facebook.com\\\/kanelaehted\",\"https:\\\/\\\/www.instagram.com\\\/kanelaehted\\\/\"]}]}<\/script>\n<!-- \/ Yoast SEO plugin. -->","yoast_head_json":{"title":"TAIM Silver Steel Necklace \u201cPink\u201d - Kanela","description":"TAIM kee - Roostevabast terasest valmistatud ehe, mille klaasi sees on s\u00e4ilitatud \u00f5rnad \u00f5ied. Tundlikule nahale sobiv, p\u00fcsiv ja kaunis. \u20ac24.00.","robots":{"index":"index","follow":"follow","max-snippet":"max-snippet:-1","max-image-preview":"max-image-preview:large","max-video-preview":"max-video-preview:-1"},"canonical":"https:\/\/kaneladesign.ee\/et\/toode\/taim-silver-steel-necklace-pink\/","og_locale":"et_EE","og_type":"article","og_title":"TAIM Silver Steel Necklace \u201cPink\u201d - Kanela","og_description":"TAIM kee - Roostevabast terasest valmistatud ehe, mille klaasi sees on s\u00e4ilitatud \u00f5rnad \u00f5ied. Tundlikule nahale sobiv, p\u00fcsiv ja kaunis. \u20ac24.00.","og_url":"https:\/\/kaneladesign.ee\/et\/toode\/taim-silver-steel-necklace-pink\/","og_site_name":"Kanela","article_publisher":"https:\/\/www.facebook.com\/kanelaehted","article_modified_time":"2025-06-05T14:46:31+00:00","og_image":[{"width":2560,"height":2560,"url":"https:\/\/kaneladesign.ee\/wp-content\/uploads\/2025\/06\/DSC_3519-scaled.jpg","type":"image\/jpeg"}],"twitter_card":"summary_large_image","twitter_misc":{"Est. reading time":"1 minut"},"schema":{"@context":"https:\/\/schema.org","@graph":[{"@type":"WebPage","@id":"https:\/\/kaneladesign.ee\/toode\/taim-silver-steel-necklace-pink\/","url":"https:\/\/kaneladesign.ee\/toode\/taim-silver-steel-necklace-pink\/","name":"TAIM Silver Steel Necklace \u201cPink\u201d - Kanela","isPartOf":{"@id":"https:\/\/kaneladesign.ee\/#website"},"primaryImageOfPage":{"@id":"https:\/\/kaneladesign.ee\/toode\/taim-silver-steel-necklace-pink\/#primaryimage"},"image":{"@id":"https:\/\/kaneladesign.ee\/toode\/taim-silver-steel-necklace-pink\/#primaryimage"},"thumbnailUrl":"https:\/\/kaneladesign.ee\/wp-content\/uploads\/2025\/06\/DSC_3519-scaled.jpg","datePublished":"2025-06-05T14:43:38+00:00","dateModified":"2025-06-05T14:46:31+00:00","description":"TAIM kee - Roostevabast terasest valmistatud ehe, mille klaasi sees on s\u00e4ilitatud \u00f5rnad \u00f5ied. Tundlikule nahale sobiv, p\u00fcsiv ja kaunis. \u20ac24.00.","breadcrumb":{"@id":"https:\/\/kaneladesign.ee\/toode\/taim-silver-steel-necklace-pink\/#breadcrumb"},"inLanguage":"et","potentialAction":[{"@type":"ReadAction","target":["https:\/\/kaneladesign.ee\/toode\/taim-silver-steel-necklace-pink\/"]}]},{"@type":"ImageObject","inLanguage":"et","@id":"https:\/\/kaneladesign.ee\/toode\/taim-silver-steel-necklace-pink\/#primaryimage","url":"https:\/\/kaneladesign.ee\/wp-content\/uploads\/2025\/06\/DSC_3519-scaled.jpg","contentUrl":"https:\/\/kaneladesign.ee\/wp-content\/uploads\/2025\/06\/DSC_3519-scaled.jpg","width":2560,"height":2560},{"@type":"BreadcrumbList","@id":"https:\/\/kaneladesign.ee\/toode\/taim-silver-steel-necklace-pink\/#breadcrumb","itemListElement":[{"@type":"ListItem","position":1,"name":"Home","item":"https:\/\/kaneladesign.ee\/et\/"},{"@type":"ListItem","position":2,"name":"Shop","item":"https:\/\/kaneladesign.ee\/shop\/"},{"@type":"ListItem","position":3,"name":"TAIM Silver Steel Necklace \u201cPink\u201d"}]},{"@type":"WebSite","@id":"https:\/\/kaneladesign.ee\/#website","url":"https:\/\/kaneladesign.ee\/","name":"Kanela","description":"","publisher":{"@id":"https:\/\/kaneladesign.ee\/#organization"},"potentialAction":[{"@type":"SearchAction","target":{"@type":"EntryPoint","urlTemplate":"https:\/\/kaneladesign.ee\/?s={search_term_string}"},"query-input":{"@type":"PropertyValueSpecification","valueRequired":true,"valueName":"search_term_string"}}],"inLanguage":"et"},{"@type":"Organization","@id":"https:\/\/kaneladesign.ee\/#organization","name":"Kanela","url":"https:\/\/kaneladesign.ee\/","logo":{"@type":"ImageObject","inLanguage":"et","@id":"https:\/\/kaneladesign.ee\/#\/schema\/logo\/image\/","url":"https:\/\/kaneladesign.ee\/wp-content\/uploads\/2024\/09\/cropped-1-1.png","contentUrl":"https:\/\/kaneladesign.ee\/wp-content\/uploads\/2024\/09\/cropped-1-1.png","width":998,"height":1020,"caption":"Kanela"},"image":{"@id":"https:\/\/kaneladesign.ee\/#\/schema\/logo\/image\/"},"sameAs":["https:\/\/www.facebook.com\/kanelaehted","https:\/\/www.instagram.com\/kanelaehted\/"]}]}},"uagb_featured_image_src":{"full":["https:\/\/kaneladesign.ee\/wp-content\/uploads\/2025\/06\/DSC_3519-scaled.jpg",2560,2560,false],"thumbnail":["https:\/\/kaneladesign.ee\/wp-content\/uploads\/2025\/06\/DSC_3519-150x150.jpg",150,150,true],"medium":["https:\/\/kaneladesign.ee\/wp-content\/uploads\/2025\/06\/DSC_3519-300x300.jpg",300,300,true],"medium_large":["https:\/\/kaneladesign.ee\/wp-content\/uploads\/2025\/06\/DSC_3519-768x768.jpg",768,768,true],"large":["https:\/\/kaneladesign.ee\/wp-content\/uploads\/2025\/06\/DSC_3519-1024x1024.jpg",800,800,true],"1536x1536":["https:\/\/kaneladesign.ee\/wp-content\/uploads\/2025\/06\/DSC_3519-1536x1536.jpg",1536,1536,true],"2048x2048":["https:\/\/kaneladesign.ee\/wp-content\/uploads\/2025\/06\/DSC_3519-2048x2048.jpg",2048,2048,true],"trp-custom-language-flag":["https:\/\/kaneladesign.ee\/wp-content\/uploads\/2025\/06\/DSC_3519-12x12.jpg",12,12,true],"woocommerce_thumbnail":["https:\/\/kaneladesign.ee\/wp-content\/uploads\/2025\/06\/DSC_3519-300x300.jpg",300,300,true],"woocommerce_single":["https:\/\/kaneladesign.ee\/wp-content\/uploads\/2025\/06\/DSC_3519-600x600.jpg",600,600,true],"woocommerce_gallery_thumbnail":["https:\/\/kaneladesign.ee\/wp-content\/uploads\/2025\/06\/DSC_3519-100x100.jpg",100,100,true]},"uagb_author_info":{"display_name":"Rimute","author_link":"https:\/\/kaneladesign.ee\/et\/author\/"},"uagb_comment_info":0,"uagb_excerpt":"TAIM Kaelakee on kaunis aksessuaar, kus klaasi sees on s\u00e4ilitatud \u00f5rnad \u00f5ied. Roostevabast terasest valmistatud kee ei kulu ja p\u00fcsib kaua kaunina. Sobib ka tundlikule nahale, mist\u00f5ttu on see ideaalne igap\u00e4evaseks kandmiseks.","jetpack_sharing_enabled":true,"_links":{"self":[{"href":"https:\/\/kaneladesign.ee\/et\/wp-json\/wp\/v2\/product\/5621","targetHints":{"allow":["GET"]}}],"collection":[{"href":"https:\/\/kaneladesign.ee\/et\/wp-json\/wp\/v2\/product"}],"about":[{"href":"https:\/\/kaneladesign.ee\/et\/wp-json\/wp\/v2\/types\/product"}],"wp:featuredmedia":[{"embeddable":true,"href":"https:\/\/kaneladesign.ee\/et\/wp-json\/wp\/v2\/media\/5564"}],"wp:attachment":[{"href":"https:\/\/kaneladesign.ee\/et\/wp-json\/wp\/v2\/media?parent=5621"}],"wp:term":[{"taxonomy":"product_brand","embeddable":true,"href":"https:\/\/kaneladesign.ee\/et\/wp-json\/wp\/v2\/product_brand?post=5621"},{"taxonomy":"product_cat","embeddable":true,"href":"https:\/\/kaneladesign.ee\/et\/wp-json\/wp\/v2\/product_cat?post=5621"},{"taxonomy":"product_tag","embeddable":true,"href":"https:\/\/kaneladesign.ee\/et\/wp-json\/wp\/v2\/product_tag?post=5621"}],"curies":[{"name":"wp","href":"https:\/\/api.w.org\/{rel}","templated":true}]}}