{"id":5658,"date":"2025-06-10T06:40:22","date_gmt":"2025-06-10T06:40:22","guid":{"rendered":"https:\/\/kaneladesign.ee\/?post_type=product&#038;p=5658"},"modified":"2025-07-08T18:18:08","modified_gmt":"2025-07-08T18:18:08","slug":"jo-x-taim-blue-cherry-blossom-butterfly-earrings","status":"publish","type":"product","link":"https:\/\/kaneladesign.ee\/et\/toode\/jo-x-taim-blue-cherry-blossom-butterfly-earrings\/","title":{"rendered":"JO x TAIM Liblika K\u00f5rvar\u00f5ngad Sinine"},"content":{"rendered":"<p>K\u00f5rvar\u00f5ngad p\u00e4ris kirsi\u00f5itest, mis on s\u00e4ilitatud klaasis, ja puidust liblikad, mis on k\u00e4sitsi maalitud. Tagused on valmistatud allergiavabast roostevabast terasest<\/p>","protected":false},"excerpt":{"rendered":"<p>P\u00e4ris kirsililledest ja k\u00e4sitsi maalitud liblikatest. Allergiavabad roostevabast terasest tagused.<\/p>","protected":false},"featured_media":5650,"template":"","meta":{"_uag_custom_page_level_css":""},"product_brand":[170],"product_cat":[158,139,137,155],"product_tag":[182],"class_list":{"0":"post-5658","1":"product","2":"type-product","3":"status-publish","4":"has-post-thumbnail","6":"product_brand-taim","7":"product_cat-women-earrings","8":"product_cat-earrings-taim","9":"product_cat-taim","10":"product_cat-women","11":"product_tag-blue","13":"first","14":"outofstock","15":"featured","16":"shipping-taxable","17":"purchasable","18":"product-type-simple"},"yoast_head":"<!-- This site is optimized with the Yoast SEO plugin v27.3 - https:\/\/yoast.com\/product\/yoast-seo-wordpress\/ -->\n<title>JO x TAIM Blue Cherry Blossom Butterfly Earrings - Kanela<\/title>\n<meta name=\"description\" content=\"JO x TAIM k\u00f5rvar\u00f5ngad p\u00e4ris kirsilillede ja k\u00e4sitsi maalitud puidust liblikatega. Allergiavaba teras. Piiratud kogus, valmistatud Eestis.\" \/>\n<meta name=\"robots\" content=\"index, follow, max-snippet:-1, max-image-preview:large, max-video-preview:-1\" \/>\n<link rel=\"canonical\" href=\"https:\/\/kaneladesign.ee\/et\/toode\/jo-x-taim-blue-cherry-blossom-butterfly-earrings\/\" \/>\n<meta property=\"og:locale\" content=\"et_EE\" \/>\n<meta property=\"og:type\" content=\"article\" \/>\n<meta property=\"og:title\" content=\"JO x TAIM Blue Cherry Blossom Butterfly Earrings - Kanela\" \/>\n<meta property=\"og:description\" content=\"JO x TAIM k\u00f5rvar\u00f5ngad p\u00e4ris kirsilillede ja k\u00e4sitsi maalitud puidust liblikatega. Allergiavaba teras. Piiratud kogus, valmistatud Eestis.\" \/>\n<meta property=\"og:url\" content=\"https:\/\/kaneladesign.ee\/et\/toode\/jo-x-taim-blue-cherry-blossom-butterfly-earrings\/\" \/>\n<meta property=\"og:site_name\" content=\"Kanela\" \/>\n<meta property=\"article:publisher\" content=\"https:\/\/www.facebook.com\/kanelaehted\" \/>\n<meta property=\"article:modified_time\" content=\"2025-07-08T18:18:08+00:00\" \/>\n<meta property=\"og:image\" content=\"https:\/\/kaneladesign.ee\/wp-content\/uploads\/2025\/06\/DSC_3548-1-scaled-e1749537672419.jpg\" \/>\n\t<meta property=\"og:image:width\" content=\"2334\" \/>\n\t<meta property=\"og:image:height\" content=\"2278\" \/>\n\t<meta property=\"og:image:type\" content=\"image\/jpeg\" \/>\n<meta name=\"twitter:card\" content=\"summary_large_image\" \/>\n<meta name=\"twitter:label1\" content=\"Est. reading time\" \/>\n\t<meta name=\"twitter:data1\" content=\"1 minut\" \/>\n<script type=\"application\/ld+json\" class=\"yoast-schema-graph\">{\"@context\":\"https:\\\/\\\/schema.org\",\"@graph\":[{\"@type\":\"WebPage\",\"@id\":\"https:\\\/\\\/kaneladesign.ee\\\/toode\\\/jo-x-taim-blue-cherry-blossom-butterfly-earrings\\\/\",\"url\":\"https:\\\/\\\/kaneladesign.ee\\\/toode\\\/jo-x-taim-blue-cherry-blossom-butterfly-earrings\\\/\",\"name\":\"JO x TAIM Blue Cherry Blossom Butterfly Earrings - Kanela\",\"isPartOf\":{\"@id\":\"https:\\\/\\\/kaneladesign.ee\\\/#website\"},\"primaryImageOfPage\":{\"@id\":\"https:\\\/\\\/kaneladesign.ee\\\/toode\\\/jo-x-taim-blue-cherry-blossom-butterfly-earrings\\\/#primaryimage\"},\"image\":{\"@id\":\"https:\\\/\\\/kaneladesign.ee\\\/toode\\\/jo-x-taim-blue-cherry-blossom-butterfly-earrings\\\/#primaryimage\"},\"thumbnailUrl\":\"https:\\\/\\\/kaneladesign.ee\\\/wp-content\\\/uploads\\\/2025\\\/06\\\/DSC_3548-1-scaled-e1749537672419.jpg\",\"datePublished\":\"2025-06-10T06:40:22+00:00\",\"dateModified\":\"2025-07-08T18:18:08+00:00\",\"description\":\"JO x TAIM k\u00f5rvar\u00f5ngad p\u00e4ris kirsilillede ja k\u00e4sitsi maalitud puidust liblikatega. Allergiavaba teras. Piiratud kogus, valmistatud Eestis.\",\"breadcrumb\":{\"@id\":\"https:\\\/\\\/kaneladesign.ee\\\/toode\\\/jo-x-taim-blue-cherry-blossom-butterfly-earrings\\\/#breadcrumb\"},\"inLanguage\":\"et\",\"potentialAction\":[{\"@type\":\"ReadAction\",\"target\":[\"https:\\\/\\\/kaneladesign.ee\\\/toode\\\/jo-x-taim-blue-cherry-blossom-butterfly-earrings\\\/\"]}]},{\"@type\":\"ImageObject\",\"inLanguage\":\"et\",\"@id\":\"https:\\\/\\\/kaneladesign.ee\\\/toode\\\/jo-x-taim-blue-cherry-blossom-butterfly-earrings\\\/#primaryimage\",\"url\":\"https:\\\/\\\/kaneladesign.ee\\\/wp-content\\\/uploads\\\/2025\\\/06\\\/DSC_3548-1-scaled-e1749537672419.jpg\",\"contentUrl\":\"https:\\\/\\\/kaneladesign.ee\\\/wp-content\\\/uploads\\\/2025\\\/06\\\/DSC_3548-1-scaled-e1749537672419.jpg\",\"width\":2334,\"height\":2278},{\"@type\":\"BreadcrumbList\",\"@id\":\"https:\\\/\\\/kaneladesign.ee\\\/toode\\\/jo-x-taim-blue-cherry-blossom-butterfly-earrings\\\/#breadcrumb\",\"itemListElement\":[{\"@type\":\"ListItem\",\"position\":1,\"name\":\"Home\",\"item\":\"https:\\\/\\\/kaneladesign.ee\\\/et\\\/\"},{\"@type\":\"ListItem\",\"position\":2,\"name\":\"Shop\",\"item\":\"https:\\\/\\\/kaneladesign.ee\\\/shop\\\/\"},{\"@type\":\"ListItem\",\"position\":3,\"name\":\"JO x TAIM Blue Cherry Blossom Butterfly Earrings\"}]},{\"@type\":\"WebSite\",\"@id\":\"https:\\\/\\\/kaneladesign.ee\\\/#website\",\"url\":\"https:\\\/\\\/kaneladesign.ee\\\/\",\"name\":\"Kanela\",\"description\":\"\",\"publisher\":{\"@id\":\"https:\\\/\\\/kaneladesign.ee\\\/#organization\"},\"potentialAction\":[{\"@type\":\"SearchAction\",\"target\":{\"@type\":\"EntryPoint\",\"urlTemplate\":\"https:\\\/\\\/kaneladesign.ee\\\/?s={search_term_string}\"},\"query-input\":{\"@type\":\"PropertyValueSpecification\",\"valueRequired\":true,\"valueName\":\"search_term_string\"}}],\"inLanguage\":\"et\"},{\"@type\":\"Organization\",\"@id\":\"https:\\\/\\\/kaneladesign.ee\\\/#organization\",\"name\":\"Kanela\",\"url\":\"https:\\\/\\\/kaneladesign.ee\\\/\",\"logo\":{\"@type\":\"ImageObject\",\"inLanguage\":\"et\",\"@id\":\"https:\\\/\\\/kaneladesign.ee\\\/#\\\/schema\\\/logo\\\/image\\\/\",\"url\":\"https:\\\/\\\/kaneladesign.ee\\\/wp-content\\\/uploads\\\/2024\\\/09\\\/cropped-1-1.png\",\"contentUrl\":\"https:\\\/\\\/kaneladesign.ee\\\/wp-content\\\/uploads\\\/2024\\\/09\\\/cropped-1-1.png\",\"width\":998,\"height\":1020,\"caption\":\"Kanela\"},\"image\":{\"@id\":\"https:\\\/\\\/kaneladesign.ee\\\/#\\\/schema\\\/logo\\\/image\\\/\"},\"sameAs\":[\"https:\\\/\\\/www.facebook.com\\\/kanelaehted\",\"https:\\\/\\\/www.instagram.com\\\/kanelaehted\\\/\"]}]}<\/script>\n<!-- \/ Yoast SEO plugin. -->","yoast_head_json":{"title":"JO x TAIM Blue Cherry Blossom Butterfly Earrings - Kanela","description":"JO x TAIM k\u00f5rvar\u00f5ngad p\u00e4ris kirsilillede ja k\u00e4sitsi maalitud puidust liblikatega. Allergiavaba teras. Piiratud kogus, valmistatud Eestis.","robots":{"index":"index","follow":"follow","max-snippet":"max-snippet:-1","max-image-preview":"max-image-preview:large","max-video-preview":"max-video-preview:-1"},"canonical":"https:\/\/kaneladesign.ee\/et\/toode\/jo-x-taim-blue-cherry-blossom-butterfly-earrings\/","og_locale":"et_EE","og_type":"article","og_title":"JO x TAIM Blue Cherry Blossom Butterfly Earrings - Kanela","og_description":"JO x TAIM k\u00f5rvar\u00f5ngad p\u00e4ris kirsilillede ja k\u00e4sitsi maalitud puidust liblikatega. Allergiavaba teras. Piiratud kogus, valmistatud Eestis.","og_url":"https:\/\/kaneladesign.ee\/et\/toode\/jo-x-taim-blue-cherry-blossom-butterfly-earrings\/","og_site_name":"Kanela","article_publisher":"https:\/\/www.facebook.com\/kanelaehted","article_modified_time":"2025-07-08T18:18:08+00:00","og_image":[{"width":2334,"height":2278,"url":"https:\/\/kaneladesign.ee\/wp-content\/uploads\/2025\/06\/DSC_3548-1-scaled-e1749537672419.jpg","type":"image\/jpeg"}],"twitter_card":"summary_large_image","twitter_misc":{"Est. reading time":"1 minut"},"schema":{"@context":"https:\/\/schema.org","@graph":[{"@type":"WebPage","@id":"https:\/\/kaneladesign.ee\/toode\/jo-x-taim-blue-cherry-blossom-butterfly-earrings\/","url":"https:\/\/kaneladesign.ee\/toode\/jo-x-taim-blue-cherry-blossom-butterfly-earrings\/","name":"JO x TAIM Blue Cherry Blossom Butterfly Earrings - Kanela","isPartOf":{"@id":"https:\/\/kaneladesign.ee\/#website"},"primaryImageOfPage":{"@id":"https:\/\/kaneladesign.ee\/toode\/jo-x-taim-blue-cherry-blossom-butterfly-earrings\/#primaryimage"},"image":{"@id":"https:\/\/kaneladesign.ee\/toode\/jo-x-taim-blue-cherry-blossom-butterfly-earrings\/#primaryimage"},"thumbnailUrl":"https:\/\/kaneladesign.ee\/wp-content\/uploads\/2025\/06\/DSC_3548-1-scaled-e1749537672419.jpg","datePublished":"2025-06-10T06:40:22+00:00","dateModified":"2025-07-08T18:18:08+00:00","description":"JO x TAIM k\u00f5rvar\u00f5ngad p\u00e4ris kirsilillede ja k\u00e4sitsi maalitud puidust liblikatega. Allergiavaba teras. Piiratud kogus, valmistatud Eestis.","breadcrumb":{"@id":"https:\/\/kaneladesign.ee\/toode\/jo-x-taim-blue-cherry-blossom-butterfly-earrings\/#breadcrumb"},"inLanguage":"et","potentialAction":[{"@type":"ReadAction","target":["https:\/\/kaneladesign.ee\/toode\/jo-x-taim-blue-cherry-blossom-butterfly-earrings\/"]}]},{"@type":"ImageObject","inLanguage":"et","@id":"https:\/\/kaneladesign.ee\/toode\/jo-x-taim-blue-cherry-blossom-butterfly-earrings\/#primaryimage","url":"https:\/\/kaneladesign.ee\/wp-content\/uploads\/2025\/06\/DSC_3548-1-scaled-e1749537672419.jpg","contentUrl":"https:\/\/kaneladesign.ee\/wp-content\/uploads\/2025\/06\/DSC_3548-1-scaled-e1749537672419.jpg","width":2334,"height":2278},{"@type":"BreadcrumbList","@id":"https:\/\/kaneladesign.ee\/toode\/jo-x-taim-blue-cherry-blossom-butterfly-earrings\/#breadcrumb","itemListElement":[{"@type":"ListItem","position":1,"name":"Home","item":"https:\/\/kaneladesign.ee\/et\/"},{"@type":"ListItem","position":2,"name":"Shop","item":"https:\/\/kaneladesign.ee\/shop\/"},{"@type":"ListItem","position":3,"name":"JO x TAIM Blue Cherry Blossom Butterfly Earrings"}]},{"@type":"WebSite","@id":"https:\/\/kaneladesign.ee\/#website","url":"https:\/\/kaneladesign.ee\/","name":"Kanela","description":"","publisher":{"@id":"https:\/\/kaneladesign.ee\/#organization"},"potentialAction":[{"@type":"SearchAction","target":{"@type":"EntryPoint","urlTemplate":"https:\/\/kaneladesign.ee\/?s={search_term_string}"},"query-input":{"@type":"PropertyValueSpecification","valueRequired":true,"valueName":"search_term_string"}}],"inLanguage":"et"},{"@type":"Organization","@id":"https:\/\/kaneladesign.ee\/#organization","name":"Kanela","url":"https:\/\/kaneladesign.ee\/","logo":{"@type":"ImageObject","inLanguage":"et","@id":"https:\/\/kaneladesign.ee\/#\/schema\/logo\/image\/","url":"https:\/\/kaneladesign.ee\/wp-content\/uploads\/2024\/09\/cropped-1-1.png","contentUrl":"https:\/\/kaneladesign.ee\/wp-content\/uploads\/2024\/09\/cropped-1-1.png","width":998,"height":1020,"caption":"Kanela"},"image":{"@id":"https:\/\/kaneladesign.ee\/#\/schema\/logo\/image\/"},"sameAs":["https:\/\/www.facebook.com\/kanelaehted","https:\/\/www.instagram.com\/kanelaehted\/"]}]}},"uagb_featured_image_src":{"full":["https:\/\/kaneladesign.ee\/wp-content\/uploads\/2025\/06\/DSC_3548-1-scaled-e1749537672419.jpg",2334,2278,false],"thumbnail":["https:\/\/kaneladesign.ee\/wp-content\/uploads\/2025\/06\/DSC_3548-1-scaled-e1749537672419-150x150.jpg",150,150,true],"medium":["https:\/\/kaneladesign.ee\/wp-content\/uploads\/2025\/06\/DSC_3548-1-scaled-e1749537672419-300x293.jpg",300,293,true],"medium_large":["https:\/\/kaneladesign.ee\/wp-content\/uploads\/2025\/06\/DSC_3548-1-scaled-e1749537672419-768x750.jpg",768,750,true],"large":["https:\/\/kaneladesign.ee\/wp-content\/uploads\/2025\/06\/DSC_3548-1-scaled-e1749537672419-1024x999.jpg",800,780,true],"1536x1536":["https:\/\/kaneladesign.ee\/wp-content\/uploads\/2025\/06\/DSC_3548-1-scaled-e1749537672419-1536x1499.jpg",1536,1499,true],"2048x2048":["https:\/\/kaneladesign.ee\/wp-content\/uploads\/2025\/06\/DSC_3548-1-scaled-e1749537672419-2048x1999.jpg",2048,1999,true],"trp-custom-language-flag":["https:\/\/kaneladesign.ee\/wp-content\/uploads\/2025\/06\/DSC_3548-1-scaled-e1749537672419-12x12.jpg",12,12,true],"woocommerce_thumbnail":["https:\/\/kaneladesign.ee\/wp-content\/uploads\/2025\/06\/DSC_3548-1-scaled-e1749537672419-300x300.jpg",300,300,true],"woocommerce_single":["https:\/\/kaneladesign.ee\/wp-content\/uploads\/2025\/06\/DSC_3548-1-scaled-e1749537672419-600x586.jpg",600,586,true],"woocommerce_gallery_thumbnail":["https:\/\/kaneladesign.ee\/wp-content\/uploads\/2025\/06\/DSC_3548-1-scaled-e1749537672419-100x100.jpg",100,100,true]},"uagb_author_info":{"display_name":"Rimute","author_link":"https:\/\/kaneladesign.ee\/et\/author\/"},"uagb_comment_info":0,"uagb_excerpt":"Real cherry blossoms in glass and hand-painted wooden butterflies. Hypoallergenic stainless steel posts.","jetpack_sharing_enabled":true,"_links":{"self":[{"href":"https:\/\/kaneladesign.ee\/et\/wp-json\/wp\/v2\/product\/5658","targetHints":{"allow":["GET"]}}],"collection":[{"href":"https:\/\/kaneladesign.ee\/et\/wp-json\/wp\/v2\/product"}],"about":[{"href":"https:\/\/kaneladesign.ee\/et\/wp-json\/wp\/v2\/types\/product"}],"wp:featuredmedia":[{"embeddable":true,"href":"https:\/\/kaneladesign.ee\/et\/wp-json\/wp\/v2\/media\/5650"}],"wp:attachment":[{"href":"https:\/\/kaneladesign.ee\/et\/wp-json\/wp\/v2\/media?parent=5658"}],"wp:term":[{"taxonomy":"product_brand","embeddable":true,"href":"https:\/\/kaneladesign.ee\/et\/wp-json\/wp\/v2\/product_brand?post=5658"},{"taxonomy":"product_cat","embeddable":true,"href":"https:\/\/kaneladesign.ee\/et\/wp-json\/wp\/v2\/product_cat?post=5658"},{"taxonomy":"product_tag","embeddable":true,"href":"https:\/\/kaneladesign.ee\/et\/wp-json\/wp\/v2\/product_tag?post=5658"}],"curies":[{"name":"wp","href":"https:\/\/api.w.org\/{rel}","templated":true}]}}