{"id":6337,"date":"2025-08-10T12:04:28","date_gmt":"2025-08-10T12:04:28","guid":{"rendered":"https:\/\/kaneladesign.ee\/?post_type=product&#038;p=6337"},"modified":"2025-08-10T12:04:28","modified_gmt":"2025-08-10T12:04:28","slug":"hilpharakas-mens-925-sterling-silver-celtic-knot-ring","status":"publish","type":"product","link":"https:\/\/kaneladesign.ee\/et\/toode\/hilpharakas-mens-925-sterling-silver-celtic-knot-ring\/","title":{"rendered":"Hilpharakas Meeste 925 h\u00f5bedast keldi mustriga s\u00f5rmus"},"content":{"rendered":"<p>Hilpharakase meeste s\u00f5rmus on valmistatud 925 h\u00f5bedast ning kaunistatud keeruka keldi mustriga, mis s\u00fcmboliseerib igavikku ja j\u00f5udu. Oks\u00fcdeeritud viimistlus toob esile mustri p\u00f5imitud jooned, andes s\u00f5rmusele ajatu ja j\u00f5ulise ilme. Umbes 8 mm laiune s\u00f5rmus on mugav igap\u00e4evaseks kandmiseks, olles samas silmapaistev stiilielement.<br \/>\nMaterjal: 925 h\u00f5be<br \/>\nViimistlus: oks\u00fcdeeritud<br \/>\nLaius: ~8 mm<br \/>\nMuster: keldi s\u00f5lm<br \/>\nBr\u00e4nd: Hilpharakas<\/p>","protected":false},"excerpt":{"rendered":"<p>925 h\u00f5bedast meeste s\u00f5rmus detailse keldi mustriga. Oks\u00fcdeeritud viimistlus lisab s\u00fcgavust ja iseloomu. Laius 8 mm.<\/p>","protected":false},"featured_media":6338,"template":"","meta":{"_uag_custom_page_level_css":""},"product_brand":[],"product_cat":[29,156,163,191],"product_tag":[177],"class_list":{"0":"post-6337","1":"product","2":"type-product","3":"status-publish","4":"has-post-thumbnail","6":"product_cat-hilpharakas","7":"product_cat-men","8":"product_cat-men-rings","9":"product_cat-rings-hilpharakas","10":"product_tag-silver","12":"first","13":"instock","14":"shipping-taxable","15":"purchasable","16":"product-type-variable"},"yoast_head":"<!-- This site is optimized with the Yoast SEO plugin v27.4 - https:\/\/yoast.com\/product\/yoast-seo-wordpress\/ -->\n<title>Hilpharakas Men\u2019s 925 Sterling Silver Celtic Knot Ring - Kanela<\/title>\n<meta name=\"description\" content=\"Men\u2019s 925 sterling silver Celtic knot ring by Hilpharakas. Oxidized finish, 8mm band, timeless design symbolizing strength and eternity.\" \/>\n<meta name=\"robots\" content=\"index, follow, max-snippet:-1, max-image-preview:large, max-video-preview:-1\" \/>\n<link rel=\"canonical\" href=\"https:\/\/kaneladesign.ee\/et\/toode\/hilpharakas-mens-925-sterling-silver-celtic-knot-ring\/\" \/>\n<meta property=\"og:locale\" content=\"et_EE\" \/>\n<meta property=\"og:type\" content=\"article\" \/>\n<meta property=\"og:title\" content=\"Hilpharakas Men\u2019s 925 Sterling Silver Celtic Knot Ring - Kanela\" \/>\n<meta property=\"og:description\" content=\"Men\u2019s 925 sterling silver Celtic knot ring by Hilpharakas. Oxidized finish, 8mm band, timeless design symbolizing strength and eternity.\" \/>\n<meta property=\"og:url\" content=\"https:\/\/kaneladesign.ee\/et\/toode\/hilpharakas-mens-925-sterling-silver-celtic-knot-ring\/\" \/>\n<meta property=\"og:site_name\" content=\"Kanela\" \/>\n<meta property=\"article:publisher\" content=\"https:\/\/www.facebook.com\/kanelaehted\" \/>\n<meta property=\"og:image\" content=\"https:\/\/kaneladesign.ee\/wp-content\/uploads\/2025\/08\/DSC_3963-Photoroom.jpg\" \/>\n\t<meta property=\"og:image:width\" content=\"1512\" \/>\n\t<meta property=\"og:image:height\" content=\"1512\" \/>\n\t<meta property=\"og:image:type\" content=\"image\/jpeg\" \/>\n<meta name=\"twitter:card\" content=\"summary_large_image\" \/>\n<meta name=\"twitter:label1\" content=\"Est. reading time\" \/>\n\t<meta name=\"twitter:data1\" content=\"1 minut\" \/>\n<script type=\"application\/ld+json\" class=\"yoast-schema-graph\">{\"@context\":\"https:\\\/\\\/schema.org\",\"@graph\":[{\"@type\":\"WebPage\",\"@id\":\"https:\\\/\\\/kaneladesign.ee\\\/toode\\\/hilpharakas-mens-925-sterling-silver-celtic-knot-ring\\\/\",\"url\":\"https:\\\/\\\/kaneladesign.ee\\\/toode\\\/hilpharakas-mens-925-sterling-silver-celtic-knot-ring\\\/\",\"name\":\"Hilpharakas Men\u2019s 925 Sterling Silver Celtic Knot Ring - Kanela\",\"isPartOf\":{\"@id\":\"https:\\\/\\\/kaneladesign.ee\\\/#website\"},\"primaryImageOfPage\":{\"@id\":\"https:\\\/\\\/kaneladesign.ee\\\/toode\\\/hilpharakas-mens-925-sterling-silver-celtic-knot-ring\\\/#primaryimage\"},\"image\":{\"@id\":\"https:\\\/\\\/kaneladesign.ee\\\/toode\\\/hilpharakas-mens-925-sterling-silver-celtic-knot-ring\\\/#primaryimage\"},\"thumbnailUrl\":\"https:\\\/\\\/kaneladesign.ee\\\/wp-content\\\/uploads\\\/2025\\\/08\\\/DSC_3963-Photoroom.jpg\",\"datePublished\":\"2025-08-10T12:04:28+00:00\",\"description\":\"Men\u2019s 925 sterling silver Celtic knot ring by Hilpharakas. Oxidized finish, 8mm band, timeless design symbolizing strength and eternity.\",\"breadcrumb\":{\"@id\":\"https:\\\/\\\/kaneladesign.ee\\\/toode\\\/hilpharakas-mens-925-sterling-silver-celtic-knot-ring\\\/#breadcrumb\"},\"inLanguage\":\"et\",\"potentialAction\":[{\"@type\":\"ReadAction\",\"target\":[\"https:\\\/\\\/kaneladesign.ee\\\/toode\\\/hilpharakas-mens-925-sterling-silver-celtic-knot-ring\\\/\"]}]},{\"@type\":\"ImageObject\",\"inLanguage\":\"et\",\"@id\":\"https:\\\/\\\/kaneladesign.ee\\\/toode\\\/hilpharakas-mens-925-sterling-silver-celtic-knot-ring\\\/#primaryimage\",\"url\":\"https:\\\/\\\/kaneladesign.ee\\\/wp-content\\\/uploads\\\/2025\\\/08\\\/DSC_3963-Photoroom.jpg\",\"contentUrl\":\"https:\\\/\\\/kaneladesign.ee\\\/wp-content\\\/uploads\\\/2025\\\/08\\\/DSC_3963-Photoroom.jpg\",\"width\":1512,\"height\":1512,\"caption\":\"925 sterling silver men\u2019s Celtic knot ring with oxidized finish, 8mm band \u2013 Hilpharakas.\"},{\"@type\":\"BreadcrumbList\",\"@id\":\"https:\\\/\\\/kaneladesign.ee\\\/toode\\\/hilpharakas-mens-925-sterling-silver-celtic-knot-ring\\\/#breadcrumb\",\"itemListElement\":[{\"@type\":\"ListItem\",\"position\":1,\"name\":\"Home\",\"item\":\"https:\\\/\\\/kaneladesign.ee\\\/et\\\/\"},{\"@type\":\"ListItem\",\"position\":2,\"name\":\"Shop\",\"item\":\"https:\\\/\\\/kaneladesign.ee\\\/shop\\\/\"},{\"@type\":\"ListItem\",\"position\":3,\"name\":\"Hilpharakas Men\u2019s 925 Sterling Silver Celtic Knot Ring\"}]},{\"@type\":\"WebSite\",\"@id\":\"https:\\\/\\\/kaneladesign.ee\\\/#website\",\"url\":\"https:\\\/\\\/kaneladesign.ee\\\/\",\"name\":\"Kanela\",\"description\":\"\",\"publisher\":{\"@id\":\"https:\\\/\\\/kaneladesign.ee\\\/#organization\"},\"potentialAction\":[{\"@type\":\"SearchAction\",\"target\":{\"@type\":\"EntryPoint\",\"urlTemplate\":\"https:\\\/\\\/kaneladesign.ee\\\/?s={search_term_string}\"},\"query-input\":{\"@type\":\"PropertyValueSpecification\",\"valueRequired\":true,\"valueName\":\"search_term_string\"}}],\"inLanguage\":\"et\"},{\"@type\":\"Organization\",\"@id\":\"https:\\\/\\\/kaneladesign.ee\\\/#organization\",\"name\":\"Kanela\",\"url\":\"https:\\\/\\\/kaneladesign.ee\\\/\",\"logo\":{\"@type\":\"ImageObject\",\"inLanguage\":\"et\",\"@id\":\"https:\\\/\\\/kaneladesign.ee\\\/#\\\/schema\\\/logo\\\/image\\\/\",\"url\":\"https:\\\/\\\/kaneladesign.ee\\\/wp-content\\\/uploads\\\/2024\\\/09\\\/cropped-1-1.png\",\"contentUrl\":\"https:\\\/\\\/kaneladesign.ee\\\/wp-content\\\/uploads\\\/2024\\\/09\\\/cropped-1-1.png\",\"width\":998,\"height\":1020,\"caption\":\"Kanela\"},\"image\":{\"@id\":\"https:\\\/\\\/kaneladesign.ee\\\/#\\\/schema\\\/logo\\\/image\\\/\"},\"sameAs\":[\"https:\\\/\\\/www.facebook.com\\\/kanelaehted\",\"https:\\\/\\\/www.instagram.com\\\/kanelaehted\\\/\"]}]}<\/script>\n<!-- \/ Yoast SEO plugin. -->","yoast_head_json":{"title":"Hilpharakas Men\u2019s 925 Sterling Silver Celtic Knot Ring - Kanela","description":"Men\u2019s 925 sterling silver Celtic knot ring by Hilpharakas. Oxidized finish, 8mm band, timeless design symbolizing strength and eternity.","robots":{"index":"index","follow":"follow","max-snippet":"max-snippet:-1","max-image-preview":"max-image-preview:large","max-video-preview":"max-video-preview:-1"},"canonical":"https:\/\/kaneladesign.ee\/et\/toode\/hilpharakas-mens-925-sterling-silver-celtic-knot-ring\/","og_locale":"et_EE","og_type":"article","og_title":"Hilpharakas Men\u2019s 925 Sterling Silver Celtic Knot Ring - Kanela","og_description":"Men\u2019s 925 sterling silver Celtic knot ring by Hilpharakas. Oxidized finish, 8mm band, timeless design symbolizing strength and eternity.","og_url":"https:\/\/kaneladesign.ee\/et\/toode\/hilpharakas-mens-925-sterling-silver-celtic-knot-ring\/","og_site_name":"Kanela","article_publisher":"https:\/\/www.facebook.com\/kanelaehted","og_image":[{"width":1512,"height":1512,"url":"https:\/\/kaneladesign.ee\/wp-content\/uploads\/2025\/08\/DSC_3963-Photoroom.jpg","type":"image\/jpeg"}],"twitter_card":"summary_large_image","twitter_misc":{"Est. reading time":"1 minut"},"schema":{"@context":"https:\/\/schema.org","@graph":[{"@type":"WebPage","@id":"https:\/\/kaneladesign.ee\/toode\/hilpharakas-mens-925-sterling-silver-celtic-knot-ring\/","url":"https:\/\/kaneladesign.ee\/toode\/hilpharakas-mens-925-sterling-silver-celtic-knot-ring\/","name":"Hilpharakas Men\u2019s 925 Sterling Silver Celtic Knot Ring - Kanela","isPartOf":{"@id":"https:\/\/kaneladesign.ee\/#website"},"primaryImageOfPage":{"@id":"https:\/\/kaneladesign.ee\/toode\/hilpharakas-mens-925-sterling-silver-celtic-knot-ring\/#primaryimage"},"image":{"@id":"https:\/\/kaneladesign.ee\/toode\/hilpharakas-mens-925-sterling-silver-celtic-knot-ring\/#primaryimage"},"thumbnailUrl":"https:\/\/kaneladesign.ee\/wp-content\/uploads\/2025\/08\/DSC_3963-Photoroom.jpg","datePublished":"2025-08-10T12:04:28+00:00","description":"Men\u2019s 925 sterling silver Celtic knot ring by Hilpharakas. Oxidized finish, 8mm band, timeless design symbolizing strength and eternity.","breadcrumb":{"@id":"https:\/\/kaneladesign.ee\/toode\/hilpharakas-mens-925-sterling-silver-celtic-knot-ring\/#breadcrumb"},"inLanguage":"et","potentialAction":[{"@type":"ReadAction","target":["https:\/\/kaneladesign.ee\/toode\/hilpharakas-mens-925-sterling-silver-celtic-knot-ring\/"]}]},{"@type":"ImageObject","inLanguage":"et","@id":"https:\/\/kaneladesign.ee\/toode\/hilpharakas-mens-925-sterling-silver-celtic-knot-ring\/#primaryimage","url":"https:\/\/kaneladesign.ee\/wp-content\/uploads\/2025\/08\/DSC_3963-Photoroom.jpg","contentUrl":"https:\/\/kaneladesign.ee\/wp-content\/uploads\/2025\/08\/DSC_3963-Photoroom.jpg","width":1512,"height":1512,"caption":"925 sterling silver men\u2019s Celtic knot ring with oxidized finish, 8mm band \u2013 Hilpharakas."},{"@type":"BreadcrumbList","@id":"https:\/\/kaneladesign.ee\/toode\/hilpharakas-mens-925-sterling-silver-celtic-knot-ring\/#breadcrumb","itemListElement":[{"@type":"ListItem","position":1,"name":"Home","item":"https:\/\/kaneladesign.ee\/et\/"},{"@type":"ListItem","position":2,"name":"Shop","item":"https:\/\/kaneladesign.ee\/shop\/"},{"@type":"ListItem","position":3,"name":"Hilpharakas Men\u2019s 925 Sterling Silver Celtic Knot Ring"}]},{"@type":"WebSite","@id":"https:\/\/kaneladesign.ee\/#website","url":"https:\/\/kaneladesign.ee\/","name":"Kanela","description":"","publisher":{"@id":"https:\/\/kaneladesign.ee\/#organization"},"potentialAction":[{"@type":"SearchAction","target":{"@type":"EntryPoint","urlTemplate":"https:\/\/kaneladesign.ee\/?s={search_term_string}"},"query-input":{"@type":"PropertyValueSpecification","valueRequired":true,"valueName":"search_term_string"}}],"inLanguage":"et"},{"@type":"Organization","@id":"https:\/\/kaneladesign.ee\/#organization","name":"Kanela","url":"https:\/\/kaneladesign.ee\/","logo":{"@type":"ImageObject","inLanguage":"et","@id":"https:\/\/kaneladesign.ee\/#\/schema\/logo\/image\/","url":"https:\/\/kaneladesign.ee\/wp-content\/uploads\/2024\/09\/cropped-1-1.png","contentUrl":"https:\/\/kaneladesign.ee\/wp-content\/uploads\/2024\/09\/cropped-1-1.png","width":998,"height":1020,"caption":"Kanela"},"image":{"@id":"https:\/\/kaneladesign.ee\/#\/schema\/logo\/image\/"},"sameAs":["https:\/\/www.facebook.com\/kanelaehted","https:\/\/www.instagram.com\/kanelaehted\/"]}]}},"uagb_featured_image_src":{"full":["https:\/\/kaneladesign.ee\/wp-content\/uploads\/2025\/08\/DSC_3963-Photoroom.jpg",1512,1512,false],"thumbnail":["https:\/\/kaneladesign.ee\/wp-content\/uploads\/2025\/08\/DSC_3963-Photoroom-150x150.jpg",150,150,true],"medium":["https:\/\/kaneladesign.ee\/wp-content\/uploads\/2025\/08\/DSC_3963-Photoroom-300x300.jpg",300,300,true],"medium_large":["https:\/\/kaneladesign.ee\/wp-content\/uploads\/2025\/08\/DSC_3963-Photoroom-768x768.jpg",768,768,true],"large":["https:\/\/kaneladesign.ee\/wp-content\/uploads\/2025\/08\/DSC_3963-Photoroom-1024x1024.jpg",800,800,true],"1536x1536":["https:\/\/kaneladesign.ee\/wp-content\/uploads\/2025\/08\/DSC_3963-Photoroom.jpg",1512,1512,false],"2048x2048":["https:\/\/kaneladesign.ee\/wp-content\/uploads\/2025\/08\/DSC_3963-Photoroom.jpg",1512,1512,false],"trp-custom-language-flag":["https:\/\/kaneladesign.ee\/wp-content\/uploads\/2025\/08\/DSC_3963-Photoroom-12x12.jpg",12,12,true],"woocommerce_thumbnail":["https:\/\/kaneladesign.ee\/wp-content\/uploads\/2025\/08\/DSC_3963-Photoroom-300x300.jpg",300,300,true],"woocommerce_single":["https:\/\/kaneladesign.ee\/wp-content\/uploads\/2025\/08\/DSC_3963-Photoroom-600x600.jpg",600,600,true],"woocommerce_gallery_thumbnail":["https:\/\/kaneladesign.ee\/wp-content\/uploads\/2025\/08\/DSC_3963-Photoroom-100x100.jpg",100,100,true]},"uagb_author_info":{"display_name":"Rimute","author_link":"https:\/\/kaneladesign.ee\/et\/author\/"},"uagb_comment_info":0,"uagb_excerpt":"Solid 925 sterling silver men\u2019s ring with a detailed Celtic knot pattern. Oxidized finish for depth and character. 8mm band width.","jetpack_sharing_enabled":true,"_links":{"self":[{"href":"https:\/\/kaneladesign.ee\/et\/wp-json\/wp\/v2\/product\/6337","targetHints":{"allow":["GET"]}}],"collection":[{"href":"https:\/\/kaneladesign.ee\/et\/wp-json\/wp\/v2\/product"}],"about":[{"href":"https:\/\/kaneladesign.ee\/et\/wp-json\/wp\/v2\/types\/product"}],"wp:featuredmedia":[{"embeddable":true,"href":"https:\/\/kaneladesign.ee\/et\/wp-json\/wp\/v2\/media\/6338"}],"wp:attachment":[{"href":"https:\/\/kaneladesign.ee\/et\/wp-json\/wp\/v2\/media?parent=6337"}],"wp:term":[{"taxonomy":"product_brand","embeddable":true,"href":"https:\/\/kaneladesign.ee\/et\/wp-json\/wp\/v2\/product_brand?post=6337"},{"taxonomy":"product_cat","embeddable":true,"href":"https:\/\/kaneladesign.ee\/et\/wp-json\/wp\/v2\/product_cat?post=6337"},{"taxonomy":"product_tag","embeddable":true,"href":"https:\/\/kaneladesign.ee\/et\/wp-json\/wp\/v2\/product_tag?post=6337"}],"curies":[{"name":"wp","href":"https:\/\/api.w.org\/{rel}","templated":true}]}}